{"id":6502,"date":"2022-05-04T01:04:55","date_gmt":"2022-05-03T22:04:55","guid":{"rendered":"https:\/\/sailestonia.ee\/vessel\/buru-jahta-take-off\/"},"modified":"2025-03-02T15:35:53","modified_gmt":"2025-03-02T13:35:53","slug":"take-off","status":"publish","type":"product","link":"https:\/\/sailestonia.ee\/lv\/kugis\/take-off\/","title":{"rendered":"Buru jahta | Take Off"},"content":{"rendered":"<p><strong>Elan 410<\/strong><\/p>\n<p>T\u0101 ir 2008. gad\u0101 izgatavota Elan tipa A klases dro\u0161a jahta (41 p\u0113da), kur\u0101 ir viss sadz\u012bvei nepiecie\u0161amais gan gar\u0101kam ce\u013cojumam, gan da\u017eu stundu kru\u012bzam pa l\u012bci. Uz jahtas ir kamb\u012bze un 3 kaj\u012btes ar asto\u0146\u0101m gu\u013cviet\u0101m. Kamb\u012bze apr\u012bkota ar virtuv\u0113 nepiecie\u0161amo: ledusskapi, g\u0101zes pl\u012bti un g\u0101zes cepe\u0161kr\u0101sni, k\u0101 ar\u012b virtuves piederumiem un traukiem. T\u0101pat pieejama silta du\u0161a un tualete.<br \/>\nJahtai ir atbilsto\u0161s dro\u0161\u012bbas un gl\u0101b\u0161anas apr\u012bkojums.<\/p>\n","protected":false},"excerpt":{"rendered":"<p>T\u0101 ir 2008. gad\u0101 izgatavota Elan tipa A klases dro\u0161a jahta (41 p\u0113da), kur\u0101 ir viss sadz\u012bvei nepiecie\u0161amais gan gar\u0101kam ce\u013cojumam, gan da\u017eu stundu kru\u012bzam pa l\u012bci.<\/p>\n","protected":false},"featured_media":6503,"template":"","meta":[],"product_brand":[],"product_cat":[63],"product_tag":[],"class_list":{"0":"post-6502","1":"product","2":"type-product","3":"status-publish","4":"has-post-thumbnail","6":"product_cat-kugi","8":"first","9":"instock","10":"taxable","11":"shipping-taxable","12":"purchasable","13":"product-type-ovabrw_car_rental"},"_links":{"self":[{"href":"https:\/\/sailestonia.ee\/lv\/wp-json\/wp\/v2\/product\/6502","targetHints":{"allow":["GET"]}}],"collection":[{"href":"https:\/\/sailestonia.ee\/lv\/wp-json\/wp\/v2\/product"}],"about":[{"href":"https:\/\/sailestonia.ee\/lv\/wp-json\/wp\/v2\/types\/product"}],"wp:featuredmedia":[{"embeddable":true,"href":"https:\/\/sailestonia.ee\/lv\/wp-json\/wp\/v2\/media\/6503"}],"wp:attachment":[{"href":"https:\/\/sailestonia.ee\/lv\/wp-json\/wp\/v2\/media?parent=6502"}],"wp:term":[{"taxonomy":"product_brand","embeddable":true,"href":"https:\/\/sailestonia.ee\/lv\/wp-json\/wp\/v2\/product_brand?post=6502"},{"taxonomy":"product_cat","embeddable":true,"href":"https:\/\/sailestonia.ee\/lv\/wp-json\/wp\/v2\/product_cat?post=6502"},{"taxonomy":"product_tag","embeddable":true,"href":"https:\/\/sailestonia.ee\/lv\/wp-json\/wp\/v2\/product_tag?post=6502"}],"curies":[{"name":"wp","href":"https:\/\/api.w.org\/{rel}","templated":true}]}}