{"id":6580,"date":"2022-09-14T09:22:56","date_gmt":"2022-09-14T06:22:56","guid":{"rendered":"https:\/\/sailestonia.ee\/datu-aizsardzibas-nosacijumi\/"},"modified":"2023-04-27T10:23:53","modified_gmt":"2023-04-27T07:23:53","slug":"datu-aizsardzibas-nosacijumi","status":"publish","type":"page","link":"https:\/\/sailestonia.ee\/lv\/datu-aizsardzibas-nosacijumi\/","title":{"rendered":"Datu aizsardz\u012bbas nosac\u012bjumi"},"content":{"rendered":"\n<p>J\u016bras transportl\u012bdzek\u013cu rezerv\u0113\u0161anai SailEstonia pied\u0101v\u0101 tie\u0161saistes sist\u0113mu, izmantojot m\u016bsu t\u012bmek\u013ca vietni un citas tie\u0161saistes platformas, piem\u0113ram, partneru vietnes un soci\u0101los medijus. J\u016bsu priv\u0101tums mums ir svar\u012bgs, un m\u0113s to uztveram \u013coti nopietni. Vienm\u0113r r\u012bkojamies savu klientu interes\u0113s, skaidri un caursp\u012bd\u012bgi veicam klientu datu apstr\u0101di, un \u0161eit iepaz\u012bstin\u0101m ar to, k\u0101 m\u0113s veicam klientu personas datu apkopo\u0161anu un apstr\u0101di.<\/p>\n\n<p><strong>K\u0101dus personas datus<\/strong> <strong>SailEstonia<\/strong> <strong>apkopo?<\/strong><\/p>\n\n<p>Ierasto inform\u0101ciju \u2013 j\u016bsu v\u0101rdu, uzv\u0101rdu, kontaktinform\u0101ciju sazi\u0146ai un citus svar\u012bgus datus saist\u012bb\u0101 ar paredzamo j\u016bras braucienu (piem\u0113ram, iera\u0161an\u0101s laiks jahtu piest\u0101tn\u0113, lai j\u016bras transportl\u012bdzeklis tiktu laic\u012bgi sagatavots).<\/p>\n\n<p>T\u0101pat varam l\u016bgt iesniegt atgriezenisko saiti, lai pal\u012bdz\u0113tu citiem klientiem atrast to, ko vi\u0146i mekl\u0113. Apkopojam j\u016bsu atsauksm\u0113s pausto inform\u0101ciju, tostarp j\u016bsu v\u0101rdu un atsauksmes saturu. Turkl\u0101t apkopojam inform\u0101ciju ar\u012b no j\u016bsu datora, t\u0101lru\u0146a, plan\u0161etdatora vai cit\u0101m ier\u012bc\u0113m, kuras izmantojat, lai piek\u013c\u016btu m\u016bsu pakalpojumiem. Tas var ietvert IP adresi, val\u016btas priek\u0161roc\u012bbas, izmantoto p\u0101rl\u016bkprogrammu un valodas iestat\u012bjumus. Tas viss pal\u012bdz piel\u0101got m\u016bsu vietni, lai j\u016bs viegli un \u0113rti var\u0113tu atrast visu nepiecie\u0161amo.<\/p>\n\n<p>Atkar\u012bb\u0101 no rezerv\u0101cijas m\u0113s varam ar\u012b l\u016bgt j\u016bsu adresi, t\u0101lru\u0146a numuru, maks\u0101juma inform\u0101ciju, dzim\u0161anas datumu, viesu v\u0101rdus. P\u0101rliecinieties, ka j\u016bsu ce\u013cabiedri par to ir inform\u0113ti.<\/p>\n\n<p><strong>K\u0101p\u0113c<\/strong> <strong>SailEstonia<\/strong> <strong>apkopo un apstr\u0101d\u0101 j\u016bsu personas datus?<\/strong><\/p>\n\n<p>V\u0113lamies, lai j\u016bsu piedz\u012bvojums j\u016br\u0101 b\u016btu ide\u0101ls, t\u0101p\u0113c laik\u0101, kad apmekl\u0113jat vietni SailEstonia, m\u0113s p\u0101rliecin\u0101mies, ka varam ar jums sazin\u0101ties un varam jums pal\u012bdz\u0113t lab\u0101k izpl\u0101not atp\u016btu. Varam l\u016bgt, piem\u0113ram, pasa\u017eieru sarakstu, lai jums jahtu ost\u0101 neb\u016btu j\u0101st\u0101v rind\u0101, aizpildot \u0161o inform\u0101ciju p\u0113d\u0113j\u0101 br\u012bd\u012b.<\/p>\n\n<p>T\u0101pat varam apkopot inform\u0101ciju par valodu, kur\u0101 run\u0101jat, un to, k\u0101 vislab\u0101k ar jums sazin\u0101ties. V\u0113l viens iemesls, k\u0101p\u0113c m\u0113s apkopojam datus, ir m\u0101rketings, kura nol\u016bkos v\u0113lamies jums par\u0101d\u012bt m\u016bsu saturu p\u0113c iesp\u0113jas atbilsto\u0161\u0101k vai ar\u012b inform\u0113t j\u016bs par lab\u0101kajiem bur\u0101\u0161anas pied\u0101v\u0101jumiem.<\/p>\n\n<p>Varam ar jums sazin\u0101ties pirms do\u0161an\u0101s ce\u013c\u0101, lai sniegtu da\u017eus padomus par to, ko apmekl\u0113t vai no k\u0101d\u0101m darb\u012bb\u0101m ieteicams attur\u0113ties, k\u0101 ar\u012b svar\u012bgu inform\u0101ciju par j\u016bsu gaid\u0101mo ce\u013cojumu, piem\u0113ram, inform\u0101ciju par jahtu ostu. <\/p>\n\n<p>\u0160o inform\u0101ciju varam sniegt ar\u012b caur attiec\u012bgaj\u0101m tre\u0161aj\u0101m pus\u0113m. Galvenais m\u0113r\u0137is ir apstr\u0101d\u0101t j\u016bsu rezerv\u0101ciju, dal\u012bties ar nepiecie\u0161amajiem datiem, kas attiecas uz j\u016bsu pavad\u012bto laiku j\u016bras transportl\u012bdzekl\u012b, k\u0101 ar\u012b p\u0101rliecin\u0101ties par j\u016bsu datu pareiz\u012bbu (piem\u0113ram, e-pasta adresi, kas ievad\u012bta, veicot rezerv\u0101ciju). Visiem tre\u0161o pu\u0161u pakalpojumu sniedz\u0113jiem ir j\u0101iev\u0113ro priv\u0101tuma politika, un tiem nav at\u013cauts izmantot j\u016bsu personisko inform\u0101ciju citiem m\u0113r\u0137iem, iz\u0146emot tiem, kurus esam noteiku\u0161i m\u0113s. Ja veicat rezerv\u0101ciju dar\u012bjumu partnera t\u012bmek\u013ca vietn\u0113, l\u016bdzu, veltiet laiku, lai iepaz\u012btos ar\u012b ar to priv\u0101tuma politiku un izprastu, k\u0101 \u0161ie konkr\u0113tie dar\u012bjumu partneri var veikt j\u016bsu personas datu apstr\u0101di.<\/p>\n\n<p>Ja rezerv\u0101cijas veik\u0161anai izmantojat kred\u012btkarti, mums atsevi\u0161\u0137a inform\u0101cija par konkr\u0113to rezerv\u0101ciju j\u0101iesniedz attiec\u012bgajam maks\u0101jumu pakalpojumu sniedz\u0113jam un finan\u0161u iest\u0101dei, kas apstr\u0101d\u0101t\u0101 \u0161o maks\u0101jumu.<\/p>\n\n<p>Da\u017ek\u0101rt var rasties nepiecie\u0161am\u012bba izpaust personas datus kompetentaj\u0101m iest\u0101d\u0113m vai ties\u012bbsarg\u0101jo\u0161aj\u0101m iest\u0101d\u0113m, ja to pieprasa likums vai ja tas ir b\u016btiski noziegumu vai kr\u0101p\u0161anas nov\u0113r\u0161anai, atkl\u0101\u0161anai vai k\u0101da sauk\u0161anai pie atbild\u012bbas, vai ja likums mums uzliek par pien\u0101kumu to dar\u012bt k\u0101d\u0101 cit\u0101 gad\u012bjum\u0101. Papildus tam mums var rasties pien\u0101kums izpaust personas datus kompetentaj\u0101m iest\u0101d\u0113m, lai aizsarg\u0101tu m\u016bsu vai m\u016bsu sadarb\u012bbas partneru ties\u012bbas.<\/p>\n\n<p>M\u0113s nekad nep\u0101rdosim vai neiznom\u0101sim j\u016bsu datus nevienam citam.<\/p>\n\n<p><strong>K\u0101dus dro\u0161\u012bbas pas\u0101kumus izmanto<\/strong> <strong>SailEstonia<\/strong><strong>, lai dro\u0161i uzglab\u0101tu j\u016bsu personas datus?<\/strong><\/p>\n\n<p>SailEstonia kontrol\u0113 personas datu apstr\u0101di, k\u0101 aprakst\u012bts \u0161aj\u0101 pazi\u0146ojum\u0101 par priv\u0101tuma politiku. <\/p>\n\n<p>M\u0113s nekad nedruk\u0101jam personas datus un neuzglab\u0101jam tos bezsaist\u0113. M\u016bsu serveros viss tiek \u0161ifr\u0113ts, un tikai ierobe\u017eotam cilv\u0113ku skaitam ir piek\u013cuve \u0161iem datiem. Lai aizsarg\u0101tu un uzglab\u0101tu j\u016bsu sniegto personisko inform\u0101ciju, pielietojam atbilsto\u0161as biznesa sist\u0113mas un proced\u016bras.<\/p>\n\n<p>Lai piek\u013c\u016btu personas datiem m\u016bsu serveros un veiktu to apstr\u0101di, m\u0113s pielietojam dro\u0161\u012bbas proced\u016bras, k\u0101 ar\u012b tehniskos un fiziskos ierobe\u017eojumus. Personas datiem piek\u013c\u016bst tikai pilnvaroti darbinieki sava darba laika ietvaros.<\/p>\n\n<p><strong>K\u0101 j\u016bs varat p\u0101rbaud\u012bt datus, ko sniedzat<\/strong> <strong>vietn\u0113<\/strong> <strong>SailEstonia?<\/strong><\/p>\n\n<p>J\u016bs varat piepras\u012bt p\u0101rskatu par saviem personas datiem, rakstot uz e-pastu: info@sailestonia.ee. J\u016bs vienm\u0113r varat inform\u0113t m\u016bs par jebk\u0101d\u0101m izmai\u0146\u0101m sav\u0101 personiskaj\u0101 inform\u0101cij\u0101 vai l\u016bgt mums labot jebk\u0101dus m\u016bsu r\u012bc\u012bb\u0101 eso\u0161os personas datus, vai ar\u012b varat veikt \u0161\u0101das izmai\u0146as pats, izmantojot savu person\u012bgo kontu.<\/p>\n\n<p>Vairum\u0101 gad\u012bjumu j\u016bs varat l\u016bgt mums dz\u0113st vai blo\u0137\u0113t m\u016bsu r\u012bc\u012bb\u0101 eso\u0161os j\u016bsu personas datus vai ierobe\u017eot to apstr\u0101di.<\/p>\n\n<p><strong>K\u0101<\/strong> <strong>SailEstonia<\/strong> <strong>komunic\u0113 ar cit\u0101m iesaist\u012btaj\u0101m pus\u0113m?<\/strong><\/p>\n\n<p>Saviem sadarb\u012bbas partneriem pied\u0101v\u0101jam tie\u0161saistes sist\u0113mu, kur\u0101 glab\u0101jam visu inform\u0101ciju, un atkl\u0101jam to tikai t\u0101d\u0101 apm\u0113r\u0101, cik nepiecie\u0161ams j\u016bsu j\u016bras braucienam. Glab\u0101sim j\u016bsu personas datus tik ilgi, cik uzskat\u012bsim par nepiecie\u0161amu, lai j\u016bs var\u0113tu izmantot m\u016bsu pakalpojumus un m\u0113s var\u0113tu tos kvalitat\u012bvi sniegt (tostarp, lai iev\u0113rotu piem\u0113rojamos ties\u012bbu aktus, risin\u0101tu str\u012bdus ar pus\u0113m un lai nepiecie\u0161amaj\u0101 apm\u0113r\u0101 veiktu savu uz\u0146\u0113m\u0113jdarb\u012bbu). \u0160is pazi\u0146ojums par priv\u0101tuma politiku attiecas uz visiem m\u016bsu r\u012bc\u012bb\u0101 eso\u0161ajiem personas datiem. Ja jums ir jaut\u0101jumi par k\u0101da veida personas datu glab\u0101\u0161anas termi\u0146u, l\u016bdzu, sazinieties ar mums, rakstot uz e-pastu: <a href=\"mailto:info@boataround.com\">info@sailestonia.ee.<\/a><\/p>\n","protected":false},"excerpt":{"rendered":"<p>J\u016bras transportl\u012bdzek\u013cu rezerv\u0113\u0161anai SailEstonia pied\u0101v\u0101 tie\u0161saistes sist\u0113mu, izmantojot m\u016bsu t\u012bmek\u013ca vietni un citas tie\u0161saistes platformas, piem\u0113ram, partneru vietnes un soci\u0101los medijus. J\u016bsu priv\u0101tums mums ir svar\u012bgs, un m\u0113s to uztveram \u013coti nopietni. Vienm\u0113r r\u012bkojamies savu klientu interes\u0113s, skaidri un caursp\u012bd\u012bgi veicam klientu datu apstr\u0101di, un \u0161eit iepaz\u012bstin\u0101m ar to, k\u0101 m\u0113s veicam klientu personas datu [&hellip;]<\/p>\n","protected":false},"author":1,"featured_media":0,"parent":0,"menu_order":0,"comment_status":"closed","ping_status":"open","template":"","meta":{"footnotes":""},"class_list":["post-6580","page","type-page","status-publish","hentry"],"_links":{"self":[{"href":"https:\/\/sailestonia.ee\/lv\/wp-json\/wp\/v2\/pages\/6580","targetHints":{"allow":["GET"]}}],"collection":[{"href":"https:\/\/sailestonia.ee\/lv\/wp-json\/wp\/v2\/pages"}],"about":[{"href":"https:\/\/sailestonia.ee\/lv\/wp-json\/wp\/v2\/types\/page"}],"author":[{"embeddable":true,"href":"https:\/\/sailestonia.ee\/lv\/wp-json\/wp\/v2\/users\/1"}],"replies":[{"embeddable":true,"href":"https:\/\/sailestonia.ee\/lv\/wp-json\/wp\/v2\/comments?post=6580"}],"version-history":[{"count":1,"href":"https:\/\/sailestonia.ee\/lv\/wp-json\/wp\/v2\/pages\/6580\/revisions"}],"predecessor-version":[{"id":6581,"href":"https:\/\/sailestonia.ee\/lv\/wp-json\/wp\/v2\/pages\/6580\/revisions\/6581"}],"wp:attachment":[{"href":"https:\/\/sailestonia.ee\/lv\/wp-json\/wp\/v2\/media?parent=6580"}],"curies":[{"name":"wp","href":"https:\/\/api.w.org\/{rel}","templated":true}]}}