{"id":6569,"date":"2023-04-10T09:36:08","date_gmt":"2023-04-10T06:36:08","guid":{"rendered":"https:\/\/sailestonia.ee\/lietosanas-noteikumi\/"},"modified":"2023-04-28T10:52:49","modified_gmt":"2023-04-28T07:52:49","slug":"lietosanas-noteikumi","status":"publish","type":"page","link":"https:\/\/sailestonia.ee\/lv\/lietosanas-noteikumi\/","title":{"rendered":"Lieto\u0161anas noteikumi"},"content":{"rendered":"\n<p><strong>T\u012bmek\u013ca lapas lieto\u0161anas noteikumi <\/strong><\/p>\n\n\n\n<p>K\u0101 notiek rezerv\u0101cija? <\/p>\n\n\n\n<p>SailEstonia rezerv\u0101cijas sist\u0113ma ir vienk\u0101r\u0161a un \u0101tra. Savu pas\u016bt\u012bjumu no s\u0101kuma l\u012bdz beig\u0101m j\u016bs varat veikt m\u0101jaslap\u0101, izv\u0113loties sev piem\u0113rot\u0101ko j\u016bras transportl\u012bdzekli. Tikl\u012bdz b\u016bsiet izdar\u012bjis savu izv\u0113li, m\u0101jaslap\u0101 var\u0113siet ar\u012b nor\u0113\u0137in\u0101ties. <\/p>\n\n\n\n<p>Detaliz\u0113ts rezerv\u0101cijas procesa apraksts <\/p>\n\n\n\n<p>1. Dodieties uz rezerv\u0101cijas lapu un ievadiet sev piem\u0113rotos datumus un pasa\u017eieru skaitu.<br>2. Ja esat izv\u0113l\u0113jies piem\u0113rotu j\u016bras transportl\u012bdzekli un v\u0113laties veikt rezerv\u0101ciju, noklik\u0161\u0137iniet uz pogas \u201cRezerv\u0113t t\u016bl\u012bt\u201d. <br>3. P\u0113c tam j\u016bs tiksiet novirz\u012bts uz sada\u013cu \u201cIepirkumu grozs\u201d.<br>4. Par rezerv\u0101ciju iesp\u0113jams nor\u0113\u0137in\u0101ties gan ar kred\u012btkarti (Visa, Mastercard), gan, izmantojot Igaunijas banku saites (Swedbank, SEB, LHV, Coop, Luminor). Starpniec\u012bbas pakalpojumu sniedz uz\u0146\u0113mums Montonio Finance O\u00dc. Visi maks\u0101jumi tiek veikti eiro val\u016bt\u0101. Veicot rezerv\u0101ciju, atbild\u012bgais j\u016bsu personas datu p\u0101rzinis ir uz\u0146\u0113mums Dira Group O\u00dc, kas maks\u0101jumu veik\u0161anai nepiecie\u0161amos datus p\u0101rs\u016bta pilnvarotajam datu apstr\u0101d\u0101t\u0101jam Montonio Finance O\u00dc. <br>5. P\u0113c apmaksas nos\u016bt\u012bsim jums uz e-pastu apstiprin\u0101juma v\u0113stuli, lai j\u016bs var\u0113tu p\u0101rliecin\u0101ties, ka rezerv\u0101cija ir apstiprin\u0101ta. Gad\u012bjum\u0101, ja apstiprin\u0101juma v\u0113stuli nesa\u0146emat, l\u016bdzu, sazinieties ar mums, rakstot uz e-pastu: <a href=\"mailto:info@sailestonia.ee\">info@sailestonia.ee<\/a>.<\/p>\n\n\n\n<p>Pakalpojuma atcel\u0161ana <\/p>\n\n\n\n<p>1. Ja p\u0113c rezerv\u0101cijas v\u0113laties atcelt pakalpojumu un dar\u0101t to 3 vai vair\u0101k dienas pirms brauciena datuma, atmaks\u0101sim visu j\u016bsu samaks\u0101to summu. Ja p\u0113c rezerv\u0101cijas v\u0113laties atcelt pakalpojumu, bet dar\u0101t to maz\u0101k nek\u0101 3 dienas pirms brauciena datuma, atmaks\u0101sim 50% no pakalpojuma maksas, tom\u0113r p\u0101r\u0113j\u0101 iemaks\u0101t\u0101 summa atgriezta netiks. <\/p>\n","protected":false},"excerpt":{"rendered":"<p>T\u012bmek\u013ca lapas lieto\u0161anas noteikumi K\u0101 notiek rezerv\u0101cija? SailEstonia rezerv\u0101cijas sist\u0113ma ir vienk\u0101r\u0161a un \u0101tra. Savu pas\u016bt\u012bjumu no s\u0101kuma l\u012bdz beig\u0101m j\u016bs varat veikt m\u0101jaslap\u0101, izv\u0113loties sev piem\u0113rot\u0101ko j\u016bras transportl\u012bdzekli. Tikl\u012bdz b\u016bsiet izdar\u012bjis savu izv\u0113li, m\u0101jaslap\u0101 var\u0113siet ar\u012b nor\u0113\u0137in\u0101ties. Detaliz\u0113ts rezerv\u0101cijas procesa apraksts 1. Dodieties uz rezerv\u0101cijas lapu un ievadiet sev piem\u0113rotos datumus un pasa\u017eieru skaitu.2. [&hellip;]<\/p>\n","protected":false},"author":1,"featured_media":0,"parent":0,"menu_order":0,"comment_status":"closed","ping_status":"closed","template":"","meta":{"footnotes":""},"class_list":["post-6569","page","type-page","status-publish","hentry"],"_links":{"self":[{"href":"https:\/\/sailestonia.ee\/lv\/wp-json\/wp\/v2\/pages\/6569","targetHints":{"allow":["GET"]}}],"collection":[{"href":"https:\/\/sailestonia.ee\/lv\/wp-json\/wp\/v2\/pages"}],"about":[{"href":"https:\/\/sailestonia.ee\/lv\/wp-json\/wp\/v2\/types\/page"}],"author":[{"embeddable":true,"href":"https:\/\/sailestonia.ee\/lv\/wp-json\/wp\/v2\/users\/1"}],"replies":[{"embeddable":true,"href":"https:\/\/sailestonia.ee\/lv\/wp-json\/wp\/v2\/comments?post=6569"}],"version-history":[{"count":2,"href":"https:\/\/sailestonia.ee\/lv\/wp-json\/wp\/v2\/pages\/6569\/revisions"}],"predecessor-version":[{"id":6689,"href":"https:\/\/sailestonia.ee\/lv\/wp-json\/wp\/v2\/pages\/6569\/revisions\/6689"}],"wp:attachment":[{"href":"https:\/\/sailestonia.ee\/lv\/wp-json\/wp\/v2\/media?parent=6569"}],"curies":[{"name":"wp","href":"https:\/\/api.w.org\/{rel}","templated":true}]}}