{"id":6564,"date":"2023-03-15T08:08:32","date_gmt":"2023-03-15T06:08:32","guid":{"rendered":"https:\/\/sailestonia.ee\/ieksejas-kartibas-noteikumi\/"},"modified":"2023-04-27T10:13:20","modified_gmt":"2023-04-27T07:13:20","slug":"ieksejas-kartibas-noteikumi","status":"publish","type":"page","link":"https:\/\/sailestonia.ee\/lv\/ieksejas-kartibas-noteikumi\/","title":{"rendered":"Iek\u0161\u0113j\u0101s k\u0101rt\u012bbas noteikumi"},"content":{"rendered":"\t\t<div data-elementor-type=\"wp-page\" data-elementor-id=\"6564\" class=\"elementor elementor-6564 elementor-6110\" data-elementor-post-type=\"page\">\n\t\t\t\t\t\t<section class=\"elementor-section elementor-top-section elementor-element elementor-element-5073021 elementor-hidden-desktop elementor-hidden-tablet elementor-hidden-mobile elementor-section-boxed elementor-section-height-default elementor-section-height-default\" data-id=\"5073021\" data-element_type=\"section\" data-e-type=\"section\">\n\t\t\t\t\t\t<div class=\"elementor-container elementor-column-gap-no\">\n\t\t\t\t\t<div class=\"elementor-column elementor-col-100 elementor-top-column elementor-element elementor-element-11a8c22\" data-id=\"11a8c22\" data-element_type=\"column\" data-e-type=\"column\">\n\t\t\t<div class=\"elementor-widget-wrap elementor-element-populated\">\n\t\t\t\t\t\t<div class=\"elementor-element elementor-element-b597dcc elementor-widget elementor-widget-ovabrw_search\" data-id=\"b597dcc\" data-element_type=\"widget\" data-e-type=\"widget\" data-widget_type=\"ovabrw_search.default\">\n\t\t\t\t<div class=\"elementor-widget-container\">\n\t\t\t\t\t\n<div class=\"ovabrw-search\">\n\t<form action=\"https:\/\/sailestonia.ee\/lv\/\" method=\"GET\" class=\"ovabrw-search-form\">\n\t\t<div class=\"ovabrw-s-field\">\n\n\t\t\t                <div class=\"search-field\">\n                \t<i aria-hidden=\"true\" class=\"icomoon icomoon-layer\"><\/i>\n                \t<div class=\"ovabrw-input\">\n\t                    <span class=\"label\">Package<\/span>\n\t                \t<select name=\"ovabrw_package\" id=\"ovabrw_package\">\n\t                \t\t<option value selected=\"selected\">\n\t                \t\t\tVali pakett\t                \t\t<\/option>\n\n\t                \t\t\t\t                \t\t<option value=\"10800\">\n\t\t                \t\t\tMorning\t\t                \t\t<\/option>\n\t                \t                    \t    <\/select>\n                    <\/div>\n                <\/div>\n\t        \n            <!-- time check in -->\n\t\t\t<div class=\"search-field\">\n\t\t\t\t<i aria-hidden=\"true\" class=\"icomoon icomoon-calendar-alt\"><\/i>\n\t\t\t\t<div class=\"ovabrw-input\">\n\t\t\t\t\t<span class=\"label\">Check in<\/span>\n\t\t\t\t\t<input\n\t\t\t\t\t\ttype=\"text\"\n\t\t\t\t\t\tname=\"ovabrw_pickup_date\" \n\t\t\t\t\t\tclass=\"ovabrw_datetimepicker ovabrw_start_date\" \n\t\t\t\t\t\tplaceholder=\"dd-mm-yyyy\" \n\t\t\t\t\t\tautocomplete=\"off\" \n\t\t\t\t\t\tdata-hour_default=\"07:00\" \n\t\t\t\t\t\tdata-time_step=\"30\" \n\t\t\t\t\t\tdata-dateformat=\"d-m-Y\" \n\t\t\t\t\t\tonkeydown=\"return false\" \n\t\t\t\t\t\tonfocus=\"blur();\" \n\t\t\t\t\t\tdata-firstday='1' \n\t\t\t\t\t\ttimepicker=\"true\" \/>\n\t\t\t\t<\/div>\n\t\t\t<\/div>\n            \n            <!-- time check out -->\n            \t\t\n            <!-- guest -->\n\t\t\t<div class=\"search-field guestspicker-control\">\n\n\t\t\t\t<i aria-hidden=\"true\" class=\"icomoon icomoon-user-friends\"><\/i>\n\n\t\t\t\t<div class=\"ovabrw-input ovabrw-guestspicker-content-wrapper\">\n\t\t\t\t\t<div class=\"ovabrw-label\">\n\t\t\t\t\t\t<span class=\"label\">Guests<\/span>\n\t\t\t\t\t<\/div>\n\t\t\t\t\t<div class=\"ovabrw-guestspicker\">\n\t\t\t\t\t\t<div class=\"guestspicker\">\n\t\t\t\t\t\t\t<span class=\"gueststotal\">3<\/span>\n\t\t\t\t\t\t\t<span class=\"guestslabel\">Inimest<\/span>\n\t\t\t\t\t\t<\/div>\n\t\t\t\t\t<\/div>\n\t\t\t\t\t<div class=\"ovabrw-guestspicker-content\">\n\t\t\t\t\t\t<div class=\"guests-buttons\">\n\t\t\t\t\t\t\t<div class=\"description\">\n\t\t\t\t\t\t\t\t<label>Adults<\/label>\n\t\t\t\t\t\t\t<\/div>\n\t\t\t\t\t\t\t<div class=\"guests-button\">\n\t\t\t\t\t\t\t\t<div class=\"guests-icon minus\">\n\t\t\t\t\t\t\t\t\t<i class=\"fas fa-minus\"><\/i>\n\t\t\t\t\t\t\t\t<\/div>\n\t\t\t\t\t\t\t\t<input \n\t\t\t\t\t\t\t\t\ttype=\"text\" \n\t\t\t\t\t\t\t\t\tid=\"ovabrw_adults\" \n\t\t\t\t\t\t\t\t\tname=\"ovabrw_adults\" \n\t\t\t\t\t\t\t\t\tclass=\"ovabrw_adults\" \n\t\t\t\t\t\t\t\t\tvalue=\"1\" \n\t\t\t\t\t\t\t\t\tmin=\"1\" \n\t\t\t\t\t\t\t\t\tmax=\"30\" \/>\n\t\t\t\t\t\t\t\t<div class=\"guests-icon plus\">\n\t\t\t\t\t\t\t\t\t<i class=\"fas fa-plus\"><\/i>\n\t\t\t\t\t\t\t\t<\/div>\n\t\t\t\t\t\t\t<\/div>\n\t\t\t\t\t\t<\/div>\n\n\t\t\t\t\t\t<div class=\"guests-buttons\">\n\t\t\t\t\t\t\t<div class=\"description\">\n\t\t\t\t\t\t\t\t<label>Childrens<\/label>\n\t\t\t\t\t\t\t<\/div>\n\t\t\t\t\t\t\t<div class=\"guests-button\">\n\t\t\t\t\t\t\t\t<div class=\"guests-icon minus\">\n\t\t\t\t\t\t\t\t\t<i class=\"fas fa-minus\"><\/i>\n\t\t\t\t\t\t\t\t<\/div>\n\t\t\t\t\t\t\t\t<input \n\t\t\t\t\t\t\t\t\ttype=\"text\" \n\t\t\t\t\t\t\t\t\tid=\"ovabrw_childrens\" \n\t\t\t\t\t\t\t\t\tname=\"ovabrw_childrens\" \n\t\t\t\t\t\t\t\t\tclass=\"ovabrw_childrens\" \n\t\t\t\t\t\t\t\t\tvalue=\"2\" \n\t\t\t\t\t\t\t\t\tmin=\"0\" \n\t\t\t\t\t\t\t\t\tmax=\"10\" \/>\n\t\t\t\t\t\t\t\t<div class=\"guests-icon plus\">\n\t\t\t\t\t\t\t\t\t<i class=\"fas fa-plus\"><\/i>\n\t\t\t\t\t\t\t\t<\/div>\n\t\t\t\t\t\t\t<\/div>\n\t\t\t\t\t\t<\/div>\n\t\t\t\t\t<\/div>\n\t\t\t\t<\/div>\n\t\t\t\t\n\t\t\t<\/div>\n\t\t<\/div>\n\t\t<!-- button -->\n\t\t<div class=\"ovabrw-search-btn\">\n\t\t\t\t\t\t\t<input type=\"hidden\" name=\"ovabrw_search_product\" value=\"ovabrw_search_product\" \/>\n                <input type=\"hidden\" name=\"ovabrw_search\" value=\"search_item\" \/>\n                <input type=\"hidden\" name=\"post_type\" value=\"product\" \/>\n\t\t\t\t\t\t<button class=\"ovabrw-btn\" type=\"submit\">\n\t\t\t\t<i class=\"icomoon icomoon-search\"><\/i>\n\t\t\t\tSearch\t\n\t\t\t<\/button>\t\t\n\t\t<\/div>\n\t<\/form>\n\t\n<\/div>\t\t\t\t<\/div>\n\t\t\t\t<\/div>\n\t\t\t\t\t<\/div>\n\t\t<\/div>\n\t\t\t\t\t<\/div>\n\t\t<\/section>\n\t\t\t\t<section class=\"elementor-section elementor-top-section elementor-element elementor-element-54bb3ec elementor-section-boxed elementor-section-height-default elementor-section-height-default\" data-id=\"54bb3ec\" data-element_type=\"section\" data-e-type=\"section\">\n\t\t\t\t\t\t<div class=\"elementor-container elementor-column-gap-no\">\n\t\t\t\t\t<div class=\"elementor-column elementor-col-100 elementor-top-column elementor-element elementor-element-fabb7a5\" data-id=\"fabb7a5\" data-element_type=\"column\" data-e-type=\"column\">\n\t\t\t<div class=\"elementor-widget-wrap elementor-element-populated\">\n\t\t\t\t\t\t<div class=\"elementor-element elementor-element-ae0d9cd elementor-widget elementor-widget-yachbat_elementor_heading\" data-id=\"ae0d9cd\" data-element_type=\"widget\" data-e-type=\"widget\" data-widget_type=\"yachbat_elementor_heading.default\">\n\t\t\t\t<div class=\"elementor-widget-container\">\n\t\t\t\t\t\t\t\t<div class=\"ova-title\">\r\n\t\t\t\t<h3 class=\"sub-title\">SailEstonia<\/h3>\r\n\t\t\t\t\t\t\t\t\t<h2 class=\"title\">\r\n\t\t\t\t\t\tIek\u0161\u0113j\u0101s k\u0101rt\u012bbas noteikumi pat\u012bkamai bur\u0101\u0161anai\t\t\t\t\t<\/h2>\r\n\t\t\t    \t\t\t<\/div> \r\n\t\t\t\t\t\t<\/div>\n\t\t\t\t<\/div>\n\t\t\t\t<div class=\"elementor-element elementor-element-3fec203 elementor-widget elementor-widget-text-editor\" data-id=\"3fec203\" data-element_type=\"widget\" data-e-type=\"widget\" data-widget_type=\"text-editor.default\">\n\t\t\t\t<div class=\"elementor-widget-container\">\n\t\t\t\t\t\t\t\t\t<p>T\u0101pat k\u0101 jebkur\u0101 cit\u0101 ku\u0123\u012b, ar\u012b uz katamar\u0101na La Boheme vissvar\u012bg\u0101kais un god\u0101jam\u0101kais cilv\u0113ks ir kapteinis, kura komandas un r\u012bkojumi ir j\u0101klausa un kura l\u0113mumi ir j\u0101ciena un j\u0101iev\u0113ro.<\/p>\n<p>Atrodoties uz ku\u0123a visiem iesak\u0101m n\u0113s\u0101t gl\u0101b\u0161anas vesti, ta\u010du mazajiem ce\u013cot\u0101jiem t\u0101 j\u0101lieto oblig\u0101ti. Par nepiecie\u0161am\u012bbu p\u0113c vestes dro\u0161i v\u0113rsieties pie apkalpes, kas nodro\u0161in\u0101s ar visu vajadz\u012bgo dro\u0161\u012bbas apr\u012bkojumu.<\/p>\n<p>Katamar\u0101ns La Boheme ir liels un pla\u0161s, un uz kl\u0101ja var pat dejot, ta\u010du vienm\u0113r ir j\u0101patur pr\u0101t\u0101, ka dro\u0161\u012bba pirmaj\u0101 viet\u0101 \u2013 p\u0101rvietojoties pa katamar\u0101nu, ar vienu roku vienm\u0113r kaut kur pieturieties!<\/p>\n<p>Dodoties uz katamar\u0101nu, l\u016bdzu, uzvelciet apavus, kas ir \u0113rti un ar gai\u0161as kr\u0101sas zoli, t\u0101d\u0113j\u0101di neatst\u0101jot p\u0113das uz kl\u0101ja vai cit\u0101m viet\u0101m.<\/p>\n<p>Uz ku\u0123a ir at\u013cauts lietot l\u012bdzpa\u0146emtos \u0113dienus un dz\u0113rienus, iepriek\u0161 to saska\u0146ojot. Sarkanv\u012bna lieto\u0161ana uz kl\u0101ja, nedz ar\u012b citur katamar\u0101n\u0101 nav at\u013cauta.<\/p>\n<p>Pirms ce\u013cojuma r\u016bp\u012bgi sagatavojieties: p\u0101rbaudiet laika zi\u0146as, pa\u0146emiet l\u012bdzi sau\u013co\u0161an\u0101s kr\u0113mu, nepiecie\u0161amo silto ap\u0123\u0113rbu, peldkost\u012bmus, pludmales dvie\u013cus un citas lietas. Atrodoties j\u016br\u0101, pasa\u017eieriem iesak\u0101m valk\u0101t cepuri vai citu galvassegu.<\/p>\n<p>Ja bur\u0101\u0161ana izrais\u012bjusi padzi\u013cin\u0101tu interesi, dariet to zin\u0101mu apkalpei. Vi\u0146i iem\u0101c\u012bs jums bur\u0101\u0161anas pamatus, un iesp\u0113ju robe\u017e\u0101s var\u0113siet piedal\u012bties ar\u012b apkalpes darb\u0101.<\/p>\n<p>Ja laikapst\u0101k\u013ci ir tik slikti, ka tie rada apdraud\u0113jumu pasa\u017eieriem, kapteinim ir ties\u012bbas atcelt vai p\u0101rcelt braucienu.<\/p>\n<p>Katamar\u0101n\u0101 iesp\u0113jams atrasties ar\u012b sl\u0113gt\u0101 telp\u0101. J\u016bsu r\u012bc\u012bb\u0101 ir tualete, televizors, virtuves st\u016bris ar pl\u012bti, kr\u0101sni un ledusskapi.<\/p>\n\t\t\t\t\t\t\t\t<\/div>\n\t\t\t\t<\/div>\n\t\t\t\t\t<\/div>\n\t\t<\/div>\n\t\t\t\t\t<\/div>\n\t\t<\/section>\n\t\t\t\t<\/div>\n\t\t","protected":false},"excerpt":{"rendered":"<p>Package Vali pakett Morning Check in Guests 3 Inimest Adults Childrens Search SailEstonia Iek\u0161\u0113j\u0101s k\u0101rt\u012bbas noteikumi pat\u012bkamai bur\u0101\u0161anai T\u0101pat k\u0101 jebkur\u0101 cit\u0101 ku\u0123\u012b, ar\u012b uz katamar\u0101na La Boheme vissvar\u012bg\u0101kais un god\u0101jam\u0101kais cilv\u0113ks ir kapteinis, kura komandas un r\u012bkojumi ir j\u0101klausa un kura l\u0113mumi ir j\u0101ciena un j\u0101iev\u0113ro. Atrodoties uz ku\u0123a visiem iesak\u0101m n\u0113s\u0101t gl\u0101b\u0161anas vesti, [&hellip;]<\/p>\n","protected":false},"author":1,"featured_media":0,"parent":0,"menu_order":0,"comment_status":"closed","ping_status":"closed","template":"elementor_header_footer","meta":{"footnotes":""},"class_list":["post-6564","page","type-page","status-publish","hentry"],"_links":{"self":[{"href":"https:\/\/sailestonia.ee\/lv\/wp-json\/wp\/v2\/pages\/6564","targetHints":{"allow":["GET"]}}],"collection":[{"href":"https:\/\/sailestonia.ee\/lv\/wp-json\/wp\/v2\/pages"}],"about":[{"href":"https:\/\/sailestonia.ee\/lv\/wp-json\/wp\/v2\/types\/page"}],"author":[{"embeddable":true,"href":"https:\/\/sailestonia.ee\/lv\/wp-json\/wp\/v2\/users\/1"}],"replies":[{"embeddable":true,"href":"https:\/\/sailestonia.ee\/lv\/wp-json\/wp\/v2\/comments?post=6564"}],"version-history":[{"count":4,"href":"https:\/\/sailestonia.ee\/lv\/wp-json\/wp\/v2\/pages\/6564\/revisions"}],"predecessor-version":[{"id":6568,"href":"https:\/\/sailestonia.ee\/lv\/wp-json\/wp\/v2\/pages\/6564\/revisions\/6568"}],"wp:attachment":[{"href":"https:\/\/sailestonia.ee\/lv\/wp-json\/wp\/v2\/media?parent=6564"}],"curies":[{"name":"wp","href":"https:\/\/api.w.org\/{rel}","templated":true}]}}