{"id":6534,"date":"2022-04-13T05:02:50","date_gmt":"2022-04-13T02:02:50","guid":{"rendered":"https:\/\/sailestonia.ee\/par-mums\/"},"modified":"2023-04-28T10:49:31","modified_gmt":"2023-04-28T07:49:31","slug":"par-mums","status":"publish","type":"page","link":"https:\/\/sailestonia.ee\/lv\/par-mums\/","title":{"rendered":"Par mums"},"content":{"rendered":"\t\t<div data-elementor-type=\"wp-page\" data-elementor-id=\"6534\" class=\"elementor elementor-6534 elementor-533\" data-elementor-post-type=\"page\">\n\t\t\t\t\t\t<section class=\"elementor-section elementor-top-section elementor-element elementor-element-5073021 elementor-hidden-desktop elementor-hidden-tablet elementor-hidden-mobile elementor-section-boxed elementor-section-height-default elementor-section-height-default\" data-id=\"5073021\" data-element_type=\"section\" data-e-type=\"section\">\n\t\t\t\t\t\t<div class=\"elementor-container elementor-column-gap-no\">\n\t\t\t\t\t<div class=\"elementor-column elementor-col-100 elementor-top-column elementor-element elementor-element-11a8c22\" data-id=\"11a8c22\" data-element_type=\"column\" data-e-type=\"column\">\n\t\t\t<div class=\"elementor-widget-wrap elementor-element-populated\">\n\t\t\t\t\t\t<div class=\"elementor-element elementor-element-b597dcc elementor-widget elementor-widget-ovabrw_search\" data-id=\"b597dcc\" data-element_type=\"widget\" data-e-type=\"widget\" data-widget_type=\"ovabrw_search.default\">\n\t\t\t\t<div class=\"elementor-widget-container\">\n\t\t\t\t\t\n<div class=\"ovabrw-search\">\n\t<form action=\"https:\/\/sailestonia.ee\/lv\/\" method=\"GET\" class=\"ovabrw-search-form\">\n\t\t<div class=\"ovabrw-s-field\">\n\n\t\t\t                <div class=\"search-field\">\n                \t<i aria-hidden=\"true\" class=\"icomoon icomoon-layer\"><\/i>\n                \t<div class=\"ovabrw-input\">\n\t                    <span class=\"label\">Package<\/span>\n\t                \t<select name=\"ovabrw_package\" id=\"ovabrw_package\">\n\t                \t\t<option value selected=\"selected\">\n\t                \t\t\tVali pakett\t                \t\t<\/option>\n\n\t                \t\t\t\t                \t\t<option value=\"10800\">\n\t\t                \t\t\tMorning\t\t                \t\t<\/option>\n\t                \t                    \t    <\/select>\n                    <\/div>\n                <\/div>\n\t        \n            <!-- time check in -->\n\t\t\t<div class=\"search-field\">\n\t\t\t\t<i aria-hidden=\"true\" class=\"icomoon icomoon-calendar-alt\"><\/i>\n\t\t\t\t<div class=\"ovabrw-input\">\n\t\t\t\t\t<span class=\"label\">Check in<\/span>\n\t\t\t\t\t<input\n\t\t\t\t\t\ttype=\"text\"\n\t\t\t\t\t\tname=\"ovabrw_pickup_date\" \n\t\t\t\t\t\tclass=\"ovabrw_datetimepicker ovabrw_start_date\" \n\t\t\t\t\t\tplaceholder=\"dd-mm-yyyy\" \n\t\t\t\t\t\tautocomplete=\"off\" \n\t\t\t\t\t\tdata-hour_default=\"07:00\" \n\t\t\t\t\t\tdata-time_step=\"30\" \n\t\t\t\t\t\tdata-dateformat=\"d-m-Y\" \n\t\t\t\t\t\tonkeydown=\"return false\" \n\t\t\t\t\t\tonfocus=\"blur();\" \n\t\t\t\t\t\tdata-firstday='1' \n\t\t\t\t\t\ttimepicker=\"true\" \/>\n\t\t\t\t<\/div>\n\t\t\t<\/div>\n            \n            <!-- time check out -->\n            \t\t\n            <!-- guest -->\n\t\t\t<div class=\"search-field guestspicker-control\">\n\n\t\t\t\t<i aria-hidden=\"true\" class=\"icomoon icomoon-user-friends\"><\/i>\n\n\t\t\t\t<div class=\"ovabrw-input ovabrw-guestspicker-content-wrapper\">\n\t\t\t\t\t<div class=\"ovabrw-label\">\n\t\t\t\t\t\t<span class=\"label\">Guests<\/span>\n\t\t\t\t\t<\/div>\n\t\t\t\t\t<div class=\"ovabrw-guestspicker\">\n\t\t\t\t\t\t<div class=\"guestspicker\">\n\t\t\t\t\t\t\t<span class=\"gueststotal\">3<\/span>\n\t\t\t\t\t\t\t<span class=\"guestslabel\">Inimest<\/span>\n\t\t\t\t\t\t<\/div>\n\t\t\t\t\t<\/div>\n\t\t\t\t\t<div class=\"ovabrw-guestspicker-content\">\n\t\t\t\t\t\t<div class=\"guests-buttons\">\n\t\t\t\t\t\t\t<div class=\"description\">\n\t\t\t\t\t\t\t\t<label>Adults<\/label>\n\t\t\t\t\t\t\t<\/div>\n\t\t\t\t\t\t\t<div class=\"guests-button\">\n\t\t\t\t\t\t\t\t<div class=\"guests-icon minus\">\n\t\t\t\t\t\t\t\t\t<i class=\"fas fa-minus\"><\/i>\n\t\t\t\t\t\t\t\t<\/div>\n\t\t\t\t\t\t\t\t<input \n\t\t\t\t\t\t\t\t\ttype=\"text\" \n\t\t\t\t\t\t\t\t\tid=\"ovabrw_adults\" \n\t\t\t\t\t\t\t\t\tname=\"ovabrw_adults\" \n\t\t\t\t\t\t\t\t\tclass=\"ovabrw_adults\" \n\t\t\t\t\t\t\t\t\tvalue=\"1\" \n\t\t\t\t\t\t\t\t\tmin=\"1\" \n\t\t\t\t\t\t\t\t\tmax=\"30\" \/>\n\t\t\t\t\t\t\t\t<div class=\"guests-icon plus\">\n\t\t\t\t\t\t\t\t\t<i class=\"fas fa-plus\"><\/i>\n\t\t\t\t\t\t\t\t<\/div>\n\t\t\t\t\t\t\t<\/div>\n\t\t\t\t\t\t<\/div>\n\n\t\t\t\t\t\t<div class=\"guests-buttons\">\n\t\t\t\t\t\t\t<div class=\"description\">\n\t\t\t\t\t\t\t\t<label>Childrens<\/label>\n\t\t\t\t\t\t\t<\/div>\n\t\t\t\t\t\t\t<div class=\"guests-button\">\n\t\t\t\t\t\t\t\t<div class=\"guests-icon minus\">\n\t\t\t\t\t\t\t\t\t<i class=\"fas fa-minus\"><\/i>\n\t\t\t\t\t\t\t\t<\/div>\n\t\t\t\t\t\t\t\t<input \n\t\t\t\t\t\t\t\t\ttype=\"text\" \n\t\t\t\t\t\t\t\t\tid=\"ovabrw_childrens\" \n\t\t\t\t\t\t\t\t\tname=\"ovabrw_childrens\" \n\t\t\t\t\t\t\t\t\tclass=\"ovabrw_childrens\" \n\t\t\t\t\t\t\t\t\tvalue=\"2\" \n\t\t\t\t\t\t\t\t\tmin=\"0\" \n\t\t\t\t\t\t\t\t\tmax=\"10\" \/>\n\t\t\t\t\t\t\t\t<div class=\"guests-icon plus\">\n\t\t\t\t\t\t\t\t\t<i class=\"fas fa-plus\"><\/i>\n\t\t\t\t\t\t\t\t<\/div>\n\t\t\t\t\t\t\t<\/div>\n\t\t\t\t\t\t<\/div>\n\t\t\t\t\t<\/div>\n\t\t\t\t<\/div>\n\t\t\t\t\n\t\t\t<\/div>\n\t\t<\/div>\n\t\t<!-- button -->\n\t\t<div class=\"ovabrw-search-btn\">\n\t\t\t\t\t\t\t<input type=\"hidden\" name=\"ovabrw_search_product\" value=\"ovabrw_search_product\" \/>\n                <input type=\"hidden\" name=\"ovabrw_search\" value=\"search_item\" \/>\n                <input type=\"hidden\" name=\"post_type\" value=\"product\" \/>\n\t\t\t\t\t\t<button class=\"ovabrw-btn\" type=\"submit\">\n\t\t\t\t<i class=\"icomoon icomoon-search\"><\/i>\n\t\t\t\tSearch\t\n\t\t\t<\/button>\t\t\n\t\t<\/div>\n\t<\/form>\n\t\n<\/div>\t\t\t\t<\/div>\n\t\t\t\t<\/div>\n\t\t\t\t\t<\/div>\n\t\t<\/div>\n\t\t\t\t\t<\/div>\n\t\t<\/section>\n\t\t\t\t<section class=\"elementor-section elementor-top-section elementor-element elementor-element-54bb3ec elementor-section-boxed elementor-section-height-default elementor-section-height-default\" data-id=\"54bb3ec\" data-element_type=\"section\" data-e-type=\"section\">\n\t\t\t\t\t\t<div class=\"elementor-container elementor-column-gap-no\">\n\t\t\t\t\t<div class=\"elementor-column elementor-col-50 elementor-top-column elementor-element elementor-element-fabb7a5\" data-id=\"fabb7a5\" data-element_type=\"column\" data-e-type=\"column\">\n\t\t\t<div class=\"elementor-widget-wrap elementor-element-populated\">\n\t\t\t\t\t\t<div class=\"elementor-element elementor-element-ae0d9cd elementor-widget elementor-widget-yachbat_elementor_heading\" data-id=\"ae0d9cd\" data-element_type=\"widget\" data-e-type=\"widget\" data-widget_type=\"yachbat_elementor_heading.default\">\n\t\t\t\t<div class=\"elementor-widget-container\">\n\t\t\t\t\t\t\t\t<div class=\"ova-title\">\r\n\t\t\t\t<h3 class=\"sub-title\">SailEstonia<\/h3>\r\n\t\t\t\t\t\t\t\t\t<h2 class=\"title\">\r\n\t\t\t\t\t\tSailEstonia v\u0113rt\u012bbas un principi\t\t\t\t\t<\/h2>\r\n\t\t\t    \t\t\t<\/div> \r\n\t\t\t\t\t\t<\/div>\n\t\t\t\t<\/div>\n\t\t\t\t<div class=\"elementor-element elementor-element-3fec203 elementor-widget elementor-widget-text-editor\" data-id=\"3fec203\" data-element_type=\"widget\" data-e-type=\"widget\" data-widget_type=\"text-editor.default\">\n\t\t\t\t<div class=\"elementor-widget-container\">\n\t\t\t\t\t\t\t\t\t<ul><li>Samazin\u0101m atkritumu daudzumu un \u0161\u0137irojam atkritumus.<\/li><li>Sniedzot pakalpojumu, neizmantojam vienreiz lietojamos plastmasas traukus un piederumus.<\/li><li>Izmantojam energoefekt\u012bvus gaismas avotus \u2013 katamar\u0101na apgaismojums piln\u012bb\u0101 apr\u012bkots ar LED gaismas \u0137erme\u0146iem, papildus tiek izmantoti ar\u012b saules pane\u013ci.<\/li><li>Iepaz\u012bstin\u0101m klientus ar j\u016bras trad\u012bcij\u0101m un v\u0113rt\u012bb\u0101m. \u0160im nol\u016bkam organiz\u0113jam izbraukumus sadarb\u012bb\u0101 ar P\u0113rnavas Jahtu klubu. Apm\u0101c\u012bbu organiz\u0113\u0161an\u0101 un prak\u0161u vad\u012b\u0161an\u0101 esam P\u0113rnavas J\u016brniec\u012bbas centra partneri. Samazin\u0101m p\u0101rtikas atkritumu veido\u0161anos.<\/li><li>Partnerattiec\u012bb\u0101s priek\u0161roku dodam uz\u0146\u0113m\u0113jiem, kuri pied\u0101v\u0101 viet\u0113jos un sezon\u0101los p\u0101rtikas produktus.<\/li><li>\u016adens autom\u0101tu un pudel\u0113s pild\u012bta \u016bdens viet\u0101 izmantojam kr\u0101na \u016bdeni \u2013 katamar\u0101n\u0101 \u016bdens tvertnes ir piepild\u012btas ar kr\u0101na \u016bdeni, t\u0101d\u0113\u013c izbraucienos nelietojam \u016bdeni pudel\u0113s. Cen\u0161amies to pied\u0101v\u0101t ar\u012b visiem klientiem.<\/li><li>Attiec\u012bbas veidojam ar partneriem un pakalpojumus iep\u0113rkam no uz\u0146\u0113mumiem, kas iev\u0113ro vides ilgtsp\u0113j\u012bbas principus.<\/li><\/ul>\t\t\t\t\t\t\t\t<\/div>\n\t\t\t\t<\/div>\n\t\t\t\t<section class=\"elementor-section elementor-inner-section elementor-element elementor-element-8fea7d6 elementor-section-full_width elementor-section-height-default elementor-section-height-default\" data-id=\"8fea7d6\" data-element_type=\"section\" data-e-type=\"section\">\n\t\t\t\t\t\t<div class=\"elementor-container elementor-column-gap-no\">\n\t\t\t\t\t<div class=\"elementor-column elementor-col-50 elementor-inner-column elementor-element elementor-element-2ecd3a1\" data-id=\"2ecd3a1\" data-element_type=\"column\" data-e-type=\"column\">\n\t\t\t<div class=\"elementor-widget-wrap elementor-element-populated\">\n\t\t\t\t\t\t<div class=\"elementor-element elementor-element-10330be elementor-position-block-start elementor-view-default elementor-mobile-position-block-start elementor-widget elementor-widget-icon-box\" data-id=\"10330be\" data-element_type=\"widget\" data-e-type=\"widget\" data-widget_type=\"icon-box.default\">\n\t\t\t\t<div class=\"elementor-widget-container\">\n\t\t\t\t\t\t\t<div class=\"elementor-icon-box-wrapper\">\n\n\t\t\t\t\t\t<div class=\"elementor-icon-box-icon\">\n\t\t\t\t<span  class=\"elementor-icon\">\n\t\t\t\t<i aria-hidden=\"true\" class=\"icomoon icomoon-badge\"><\/i>\t\t\t\t<\/span>\n\t\t\t<\/div>\n\t\t\t\n\t\t\t\t\t\t<div class=\"elementor-icon-box-content\">\n\n\t\t\t\t\t\t\t\t\t<h3 class=\"elementor-icon-box-title\">\n\t\t\t\t\t\t<span  >\n\t\t\t\t\t\t\tIlgtsp\u0113j\u012bgs un piln\u012bb\u0101 apdro\u0161in\u0101ts\t\t\t\t\t\t<\/span>\n\t\t\t\t\t<\/h3>\n\t\t\t\t\n\t\t\t\t\n\t\t\t<\/div>\n\t\t\t\n\t\t<\/div>\n\t\t\t\t\t\t<\/div>\n\t\t\t\t<\/div>\n\t\t\t\t\t<\/div>\n\t\t<\/div>\n\t\t\t\t<div class=\"elementor-column elementor-col-50 elementor-inner-column elementor-element elementor-element-c9c05ad\" data-id=\"c9c05ad\" data-element_type=\"column\" data-e-type=\"column\">\n\t\t\t<div class=\"elementor-widget-wrap elementor-element-populated\">\n\t\t\t\t\t\t<div class=\"elementor-element elementor-element-e035526 elementor-position-block-start elementor-view-default elementor-mobile-position-block-start elementor-widget elementor-widget-icon-box\" data-id=\"e035526\" data-element_type=\"widget\" data-e-type=\"widget\" data-widget_type=\"icon-box.default\">\n\t\t\t\t<div class=\"elementor-widget-container\">\n\t\t\t\t\t\t\t<div class=\"elementor-icon-box-wrapper\">\n\n\t\t\t\t\t\t<div class=\"elementor-icon-box-icon\">\n\t\t\t\t<span  class=\"elementor-icon\">\n\t\t\t\t<i aria-hidden=\"true\" class=\"icomoon icomoon-trusted\"><\/i>\t\t\t\t<\/span>\n\t\t\t<\/div>\n\t\t\t\n\t\t\t\t\t\t<div class=\"elementor-icon-box-content\">\n\n\t\t\t\t\t\t\t\t\t<h3 class=\"elementor-icon-box-title\">\n\t\t\t\t\t\t<span  >\n\t\t\t\t\t\t\tNov\u0113rt\u0113ti un pieredz\u0113ju\u0161i kaptei\u0146i\t\t\t\t\t\t<\/span>\n\t\t\t\t\t<\/h3>\n\t\t\t\t\n\t\t\t\t\n\t\t\t<\/div>\n\t\t\t\n\t\t<\/div>\n\t\t\t\t\t\t<\/div>\n\t\t\t\t<\/div>\n\t\t\t\t\t<\/div>\n\t\t<\/div>\n\t\t\t\t\t<\/div>\n\t\t<\/section>\n\t\t\t\t\t<\/div>\n\t\t<\/div>\n\t\t\t\t<div class=\"elementor-column elementor-col-50 elementor-top-column elementor-element elementor-element-706a4b5\" data-id=\"706a4b5\" data-element_type=\"column\" data-e-type=\"column\">\n\t\t\t<div class=\"elementor-widget-wrap elementor-element-populated\">\n\t\t\t\t\t\t<div class=\"elementor-element elementor-element-9a4dfb0 elementor-widget elementor-widget-image\" data-id=\"9a4dfb0\" data-element_type=\"widget\" data-e-type=\"widget\" data-widget_type=\"image.default\">\n\t\t\t\t<div class=\"elementor-widget-container\">\n\t\t\t\t\t\t\t\t\t\t\t\t\t\t\t<img fetchpriority=\"high\" decoding=\"async\" width=\"768\" height=\"1024\" src=\"https:\/\/sailestonia.ee\/wp-content\/uploads\/2022\/09\/50608972368_d82a7c0e74_o-768x1024.jpg\" class=\"attachment-large size-large wp-image-6478\" alt=\"\" srcset=\"https:\/\/sailestonia.ee\/wp-content\/uploads\/2022\/09\/50608972368_d82a7c0e74_o-768x1024.jpg 768w, https:\/\/sailestonia.ee\/wp-content\/uploads\/2022\/09\/50608972368_d82a7c0e74_o-225x300.jpg 225w, https:\/\/sailestonia.ee\/wp-content\/uploads\/2022\/09\/50608972368_d82a7c0e74_o-1152x1536.jpg 1152w, https:\/\/sailestonia.ee\/wp-content\/uploads\/2022\/09\/50608972368_d82a7c0e74_o-1536x2048.jpg 1536w, https:\/\/sailestonia.ee\/wp-content\/uploads\/2022\/09\/50608972368_d82a7c0e74_o-600x800.jpg 600w, https:\/\/sailestonia.ee\/wp-content\/uploads\/2022\/09\/50608972368_d82a7c0e74_o-scaled.jpg 1920w\" sizes=\"(max-width: 768px) 100vw, 768px\" \/>\t\t\t\t\t\t\t\t\t\t\t\t\t\t\t<\/div>\n\t\t\t\t<\/div>\n\t\t\t\t\t<\/div>\n\t\t<\/div>\n\t\t\t\t\t<\/div>\n\t\t<\/section>\n\t\t\t\t<section class=\"elementor-section elementor-top-section elementor-element elementor-element-c9c0ef3 elementor-section-boxed elementor-section-height-default elementor-section-height-default\" data-id=\"c9c0ef3\" data-element_type=\"section\" data-e-type=\"section\">\n\t\t\t\t\t\t<div class=\"elementor-container elementor-column-gap-default\">\n\t\t\t\t\t<div class=\"elementor-column elementor-col-100 elementor-top-column elementor-element elementor-element-5e4d731\" data-id=\"5e4d731\" data-element_type=\"column\" data-e-type=\"column\">\n\t\t\t<div class=\"elementor-widget-wrap elementor-element-populated\">\n\t\t\t\t\t\t<div class=\"elementor-element elementor-element-3a66086 elementor-widget elementor-widget-yachbat_elementor_heading\" data-id=\"3a66086\" data-element_type=\"widget\" data-e-type=\"widget\" data-widget_type=\"yachbat_elementor_heading.default\">\n\t\t\t\t<div class=\"elementor-widget-container\">\n\t\t\t\t\t\t\t\t<div class=\"ova-title\">\r\n\t\t\t\t<h3 class=\"sub-title\">SailEstonia<\/h3>\r\n\t\t\t\t\t\t\t\t\t<h2 class=\"title\">\r\n\t\t\t\t\t\tM\u016bsu kaptei\u0146i\t\t\t\t\t<\/h2>\r\n\t\t\t    \t\t\t<\/div> \r\n\t\t\t\t\t\t<\/div>\n\t\t\t\t<\/div>\n\t\t\t\t<div class=\"elementor-element elementor-element-e3ebe2e elementor-widget elementor-widget-ova_team\" data-id=\"e3ebe2e\" data-element_type=\"widget\" data-e-type=\"widget\" data-widget_type=\"ova_team.default\">\n\t\t\t\t<div class=\"elementor-widget-container\">\n\t\t\t\t\t\t\t\n<div class=\"ova-team \">\n\n\t<div class=\"content three_column\">\n\n\t\t\t\t\t\n<div class=\"item-team\">\n\n\t<div class=\"img\">\n\t\t\n\t\t<!-- Avata -->\n\t\t\t    <a href=\"https:\/\/sailestonia.ee\/lv\/team\/kapteinis-rain\/\">\n\t    \t\n\t    \t<img decoding=\"async\" src=\"\" class=\"img-responsive team-img\" alt=\"Kapteinis Rain\">\n\t\t\t<div class=\"mask\"><\/div>\n\t    \t\t<\/a>\n\t\t\t\n\t\t\n\t\t<!-- List Icon -->\n\t\t\n\t\t<!-- Short Description -->\n\t\t\n\t<\/div>\n\n\t<!-- Info -->\n\t<div class=\"info\">\n\n\t\t\t    <a href=\"https:\/\/sailestonia.ee\/lv\/team\/kapteinis-rain\/\" >\n\t    \t\n\n\t\t\t\t\t\t\t<h3 class=\"name\">\n\t\t\t\t\tKapteinis Rain\t\t\t\t<\/h3>\n\t\t\t\t\t\n\t\t\t\t<\/a>\n\t\t\t\n\t\t\n\t\t\n\t<\/div>\n\t\n<\/div>\t\t\t\t\t\n<div class=\"item-team\">\n\n\t<div class=\"img\">\n\t\t\n\t\t<!-- Avata -->\n\t\t\t    <a href=\"https:\/\/sailestonia.ee\/lv\/team\/kapteinis-marko\/\">\n\t    \t\n\t    \t<img decoding=\"async\" src=\"\" class=\"img-responsive team-img\" alt=\"Kapteinis Marko\">\n\t\t\t<div class=\"mask\"><\/div>\n\t    \t\t<\/a>\n\t\t\t\n\t\t\n\t\t<!-- List Icon -->\n\t\t\n\t\t<!-- Short Description -->\n\t\t\n\t<\/div>\n\n\t<!-- Info -->\n\t<div class=\"info\">\n\n\t\t\t    <a href=\"https:\/\/sailestonia.ee\/lv\/team\/kapteinis-marko\/\" >\n\t    \t\n\n\t\t\t\t\t\t\t<h3 class=\"name\">\n\t\t\t\t\tKapteinis Marko\t\t\t\t<\/h3>\n\t\t\t\t\t\n\t\t\t\t<\/a>\n\t\t\t\n\t\t\n\t\t\n\t<\/div>\n\t\n<\/div>\t\t\t\t\t\n<div class=\"item-team\">\n\n\t<div class=\"img\">\n\t\t\n\t\t<!-- Avata -->\n\t\t\t    <a href=\"https:\/\/sailestonia.ee\/lv\/team\/kapteinis-riho\/\">\n\t    \t\n\t    \t<img decoding=\"async\" src=\"\" class=\"img-responsive team-img\" alt=\"Kapteinis Riho\">\n\t\t\t<div class=\"mask\"><\/div>\n\t    \t\t<\/a>\n\t\t\t\n\t\t\n\t\t<!-- List Icon -->\n\t\t\n\t\t<!-- Short Description -->\n\t\t\n\t<\/div>\n\n\t<!-- Info -->\n\t<div class=\"info\">\n\n\t\t\t    <a href=\"https:\/\/sailestonia.ee\/lv\/team\/kapteinis-riho\/\" >\n\t    \t\n\n\t\t\t\t\t\t\t<h3 class=\"name\">\n\t\t\t\t\tKapteinis Riho\t\t\t\t<\/h3>\n\t\t\t\t\t\n\t\t\t\t<\/a>\n\t\t\t\n\t\t\n\t\t\n\t<\/div>\n\t\n<\/div>\t\t\t<\/div>\n\t\n\t\n<\/div>\t\t\t\t<\/div>\n\t\t\t\t<\/div>\n\t\t\t\t\t<\/div>\n\t\t<\/div>\n\t\t\t\t\t<\/div>\n\t\t<\/section>\n\t\t\t\t<\/div>\n\t\t","protected":false},"excerpt":{"rendered":"<p>Package Vali pakett Morning Check in Guests 3 Inimest Adults Childrens Search SailEstonia SailEstonia v\u0113rt\u012bbas un principi Samazin\u0101m atkritumu daudzumu un \u0161\u0137irojam atkritumus. Sniedzot pakalpojumu, neizmantojam vienreiz lietojamos plastmasas traukus un piederumus. Izmantojam energoefekt\u012bvus gaismas avotus \u2013 katamar\u0101na apgaismojums piln\u012bb\u0101 apr\u012bkots ar LED gaismas \u0137erme\u0146iem, papildus tiek izmantoti ar\u012b saules pane\u013ci. Iepaz\u012bstin\u0101m klientus ar j\u016bras [&hellip;]<\/p>\n","protected":false},"author":1,"featured_media":0,"parent":0,"menu_order":0,"comment_status":"closed","ping_status":"closed","template":"elementor_header_footer","meta":{"footnotes":""},"class_list":["post-6534","page","type-page","status-publish","hentry"],"_links":{"self":[{"href":"https:\/\/sailestonia.ee\/lv\/wp-json\/wp\/v2\/pages\/6534","targetHints":{"allow":["GET"]}}],"collection":[{"href":"https:\/\/sailestonia.ee\/lv\/wp-json\/wp\/v2\/pages"}],"about":[{"href":"https:\/\/sailestonia.ee\/lv\/wp-json\/wp\/v2\/types\/page"}],"author":[{"embeddable":true,"href":"https:\/\/sailestonia.ee\/lv\/wp-json\/wp\/v2\/users\/1"}],"replies":[{"embeddable":true,"href":"https:\/\/sailestonia.ee\/lv\/wp-json\/wp\/v2\/comments?post=6534"}],"version-history":[{"count":25,"href":"https:\/\/sailestonia.ee\/lv\/wp-json\/wp\/v2\/pages\/6534\/revisions"}],"predecessor-version":[{"id":6688,"href":"https:\/\/sailestonia.ee\/lv\/wp-json\/wp\/v2\/pages\/6534\/revisions\/6688"}],"wp:attachment":[{"href":"https:\/\/sailestonia.ee\/lv\/wp-json\/wp\/v2\/media?parent=6534"}],"curies":[{"name":"wp","href":"https:\/\/api.w.org\/{rel}","templated":true}]}}