{"id":6526,"date":"2022-11-10T15:45:56","date_gmt":"2022-11-10T13:45:56","guid":{"rendered":"https:\/\/sailestonia.ee\/atbalstitaji\/"},"modified":"2023-06-08T11:06:02","modified_gmt":"2023-06-08T08:06:02","slug":"atbalstitaji","status":"publish","type":"page","link":"https:\/\/sailestonia.ee\/lv\/atbalstitaji\/","title":{"rendered":"Atbalst\u012bt\u0101ji"},"content":{"rendered":"\t\t<div data-elementor-type=\"wp-page\" data-elementor-id=\"6526\" class=\"elementor elementor-6526 elementor-6046\" data-elementor-post-type=\"page\">\n\t\t\t\t\t\t<section class=\"elementor-section elementor-top-section elementor-element elementor-element-dbcbab8 elementor-section-boxed elementor-section-height-default elementor-section-height-default\" data-id=\"dbcbab8\" data-element_type=\"section\" data-e-type=\"section\">\n\t\t\t\t\t\t<div class=\"elementor-container elementor-column-gap-default\">\n\t\t\t\t\t<div class=\"elementor-column elementor-col-100 elementor-top-column elementor-element elementor-element-3502177\" data-id=\"3502177\" data-element_type=\"column\" data-e-type=\"column\">\n\t\t\t<div class=\"elementor-widget-wrap elementor-element-populated\">\n\t\t\t\t\t\t<div class=\"elementor-element elementor-element-41ad6af elementor-widget elementor-widget-text-editor\" data-id=\"41ad6af\" data-element_type=\"widget\" data-e-type=\"widget\" data-widget_type=\"text-editor.default\">\n\t\t\t\t<div class=\"elementor-widget-container\">\n\t\t\t\t\t\t\t\t\t<p>Projekta \u201cUnik\u0101lie j\u016bras braucieni Baltijas j\u016br\u0101\u201d m\u0113r\u0137is: att\u012bstot j\u016bras t\u016brismu, vairot Igaunijas k\u0101 pievilc\u012bga t\u016brisma galam\u0113r\u0137a atpaz\u012bstam\u012bbu, t\u0101 rezult\u0101t\u0101 palielinot apmekl\u0113t\u0101ju nak\u0161\u0146o\u0161anas rei\u017eu skaitu un pagarinot vi\u0146u uztur\u0113\u0161an\u0101s laiku.<\/p>\n<p>Projekta galvenais m\u0113r\u0137is ir rad\u012bt jaunus j\u016bras t\u016brisma pied\u0101v\u0101jumus, atdz\u012bvin\u0101t re\u0123ion\u0101lo uz\u0146\u0113m\u0113jdarb\u012bbu, att\u012bst\u012bt sadarb\u012bbu starp t\u016brism\u0101 iesaist\u012btaj\u0101m pus\u0113m un j\u016bras t\u016brisma pakalpojumu sniedz\u0113jiem.<\/p>\n<p>Tie\u0161ie m\u0113r\u0137i ir:<\/p>\n<ol>\n<li>palielin\u0101t Igaunijas k\u0101 j\u016bras t\u016brisma re\u0123iona atpaz\u012bstam\u012bbu,<\/li>\n<li>palielin\u0101t apmekl\u0113t\u0101ju skaitu P\u0113rnav\u0101 un padar\u012bt P\u0113rnavu paz\u012bstamu k\u0101 j\u016bras t\u016brisma un atrakt\u012bvas atp\u016btas galam\u0113r\u0137i,<\/li>\n<li>palielin\u0101t ar j\u016bras t\u016brismu saist\u012btos pied\u0101v\u0101jumus, vienlaikus sniedzot ieguld\u012bjumu apmekl\u0113t\u0101ju skaita pieaugum\u0101,<\/li>\n<li>palielin\u0101t sadarb\u012bbu starp P\u0113rnavas j\u016bras t\u016brisma pakalpojumu sniedz\u0113jiem un pa\u0161vald\u012bbu un uz\u0146\u0113mumiem, izstr\u0101d\u0101jot kop\u012bgus pakalpojumu pied\u0101v\u0101jumus.<\/li>\n<\/ol>\n<p>Projektu atbalsta: Eiropas Re\u0123ion\u0101l\u0101s att\u012bst\u012bbas fonds.<\/p>\n<p>Finans\u0113ts ES Covid-19 pand\u0113mijas seku apkaro\u0161anas pas\u0101kumu ietvaros.<\/p>\n<p>Atbalsta summa: 196 735 eiro.<\/p>\n<p><img decoding=\"async\" class=\"alignnone size-full wp-image-6795\" src=\"https:\/\/sailestonia.ee\/wp-content\/uploads\/2023\/05\/EAS_SF_RGB_ENG.svg\" alt=\"\" width=\"322\" height=\"93\"><\/p>\t\t\t\t\t\t\t\t<\/div>\n\t\t\t\t<\/div>\n\t\t\t\t\t<\/div>\n\t\t<\/div>\n\t\t\t\t\t<\/div>\n\t\t<\/section>\n\t\t\t\t<\/div>\n\t\t","protected":false},"excerpt":{"rendered":"<p>Projekta \u201cUnik\u0101lie j\u016bras braucieni Baltijas j\u016br\u0101\u201d m\u0113r\u0137is: att\u012bstot j\u016bras t\u016brismu, vairot Igaunijas k\u0101 pievilc\u012bga t\u016brisma galam\u0113r\u0137a atpaz\u012bstam\u012bbu, t\u0101 rezult\u0101t\u0101 palielinot apmekl\u0113t\u0101ju nak\u0161\u0146o\u0161anas rei\u017eu skaitu un pagarinot vi\u0146u uztur\u0113\u0161an\u0101s laiku. Projekta galvenais m\u0113r\u0137is ir rad\u012bt jaunus j\u016bras t\u016brisma pied\u0101v\u0101jumus, atdz\u012bvin\u0101t re\u0123ion\u0101lo uz\u0146\u0113m\u0113jdarb\u012bbu, att\u012bst\u012bt sadarb\u012bbu starp t\u016brism\u0101 iesaist\u012btaj\u0101m pus\u0113m un j\u016bras t\u016brisma pakalpojumu sniedz\u0113jiem. Tie\u0161ie m\u0113r\u0137i ir: [&hellip;]<\/p>\n","protected":false},"author":1,"featured_media":0,"parent":0,"menu_order":0,"comment_status":"closed","ping_status":"closed","template":"elementor_header_footer","meta":{"footnotes":""},"class_list":["post-6526","page","type-page","status-publish","hentry"],"_links":{"self":[{"href":"https:\/\/sailestonia.ee\/lv\/wp-json\/wp\/v2\/pages\/6526","targetHints":{"allow":["GET"]}}],"collection":[{"href":"https:\/\/sailestonia.ee\/lv\/wp-json\/wp\/v2\/pages"}],"about":[{"href":"https:\/\/sailestonia.ee\/lv\/wp-json\/wp\/v2\/types\/page"}],"author":[{"embeddable":true,"href":"https:\/\/sailestonia.ee\/lv\/wp-json\/wp\/v2\/users\/1"}],"replies":[{"embeddable":true,"href":"https:\/\/sailestonia.ee\/lv\/wp-json\/wp\/v2\/comments?post=6526"}],"version-history":[{"count":7,"href":"https:\/\/sailestonia.ee\/lv\/wp-json\/wp\/v2\/pages\/6526\/revisions"}],"predecessor-version":[{"id":6908,"href":"https:\/\/sailestonia.ee\/lv\/wp-json\/wp\/v2\/pages\/6526\/revisions\/6908"}],"wp:attachment":[{"href":"https:\/\/sailestonia.ee\/lv\/wp-json\/wp\/v2\/media?parent=6526"}],"curies":[{"name":"wp","href":"https:\/\/api.w.org\/{rel}","templated":true}]}}