{"id":6450,"date":"2022-04-06T06:36:11","date_gmt":"2022-04-06T03:36:11","guid":{"rendered":"https:\/\/sailestonia.ee\/galvena-lapa\/"},"modified":"2023-04-28T10:37:25","modified_gmt":"2023-04-28T07:37:25","slug":"galvena-lapa","status":"publish","type":"page","link":"https:\/\/sailestonia.ee\/lv\/","title":{"rendered":"S\u0101kums"},"content":{"rendered":"\t\t<div data-elementor-type=\"wp-page\" data-elementor-id=\"6450\" class=\"elementor elementor-6450 elementor-76\" data-elementor-post-type=\"page\">\n\t\t\t\t\t\t<section class=\"elementor-section elementor-top-section elementor-element elementor-element-bd4c4b5 elementor-section-full_width elementor-section-height-default elementor-section-height-default\" data-id=\"bd4c4b5\" data-element_type=\"section\" data-e-type=\"section\">\n\t\t\t\t\t\t<div class=\"elementor-container elementor-column-gap-no\">\n\t\t\t\t\t<div class=\"elementor-column elementor-col-100 elementor-top-column elementor-element elementor-element-766deb6\" data-id=\"766deb6\" data-element_type=\"column\" data-e-type=\"column\">\n\t\t\t<div class=\"elementor-widget-wrap elementor-element-populated\">\n\t\t\t\t\t\t<div class=\"elementor-element elementor-element-3c69f8b elementor-widget elementor-widget-slider_revolution\" data-id=\"3c69f8b\" data-element_type=\"widget\" data-e-type=\"widget\" data-widget_type=\"slider_revolution.default\">\n\t\t\t\t<div class=\"elementor-widget-container\">\n\t\t\t\t\t\n\t\t<div class=\"wp-block-themepunch-revslider\">\n\t\t\t<!-- START Home 2 REVOLUTION SLIDER 6.7.37 --><p class=\"rs-p-wp-fix\"><\/p>\n\t\t\t<rs-module-wrap id=\"rev_slider_1_1_wrapper\" data-source=\"gallery\" style=\"visibility:hidden;background:transparent;padding:0;margin:0px auto;margin-top:0;margin-bottom:0;\">\n\t\t\t\t<rs-module id=\"rev_slider_1_1\" style=\"\" data-version=\"6.7.37\">\n\t\t\t\t\t<rs-slides style=\"overflow: hidden; position: absolute;\">\n\t\t\t\t\t\t<rs-slide style=\"position: absolute;\" data-key=\"rs-10\" data-title=\"Pealeht LV\" data-anim=\"adpr:false;ms:1000ms;\" data-in=\"o:0;\" data-out=\"a:false;\">\n\t\t\t\t\t\t\t<img fetchpriority=\"high\" decoding=\"async\" src=\"\/\/sailestonia.ee\/wp-content\/plugins\/revslider\/sr6\/assets\/assets\/dummy.png\" alt=\"\" title=\"50493479241_1e7de2317e_o\" width=\"2048\" height=\"1365\" class=\"rev-slidebg tp-rs-img rs-lazyload\" data-lazyload=\"\/\/sailestonia.ee\/wp-content\/uploads\/2022\/09\/50493479241_1e7de2317e_o.jpg\" data-no-retina>\n<!--\n\t\t\t\t\t\t\t--><p\n\t\t\t\t\t\t\t\tid=\"slider-1-slide-10-layer-1\" \n\t\t\t\t\t\t\t\tclass=\"rs-layer\"\n\t\t\t\t\t\t\t\tdata-type=\"text\"\n\t\t\t\t\t\t\t\tdata-color=\"rgba(255, 255, 255, 0.8)\"\n\t\t\t\t\t\t\t\tdata-rsp_ch=\"on\"\n\t\t\t\t\t\t\t\tdata-xy=\"xo:32px,30px,30px,35px;yo:201px,226px,149px,146px;\"\n\t\t\t\t\t\t\t\tdata-text=\"w:normal;s:30,30,24,24;l:30,30,24,24;\"\n\t\t\t\t\t\t\t\tdata-dim=\"w:178,138,104,151px;h:125,96,72,auto;\"\n\t\t\t\t\t\t\t\tdata-frame_0=\"o:1;\"\n\t\t\t\t\t\t\t\tdata-frame_0_chars=\"d:5;y:-100%;o:0;rZ:35deg;\"\n\t\t\t\t\t\t\t\tdata-frame_0_mask=\"u:t;\"\n\t\t\t\t\t\t\t\tdata-frame_1=\"sp:1500;\"\n\t\t\t\t\t\t\t\tdata-frame_1_chars=\"e:power4.inOut;d:10;rZ:0deg;\"\n\t\t\t\t\t\t\t\tdata-frame_1_mask=\"u:t;\"\n\t\t\t\t\t\t\t\tdata-frame_999=\"o:0;st:w;\"\n\t\t\t\t\t\t\t\tstyle=\"z-index:9;font-family:'Great Vibes';\"\n\t\t\t\t\t\t\t><br \/>\nSailEstonia \n\t\t\t\t\t\t\t<\/p><!--\n\n\t\t\t\t\t\t\t--><h1\n\t\t\t\t\t\t\t\tid=\"slider-1-slide-10-layer-2\" \n\t\t\t\t\t\t\t\tclass=\"rs-layer\"\n\t\t\t\t\t\t\t\tdata-type=\"text\"\n\t\t\t\t\t\t\t\tdata-rsp_ch=\"on\"\n\t\t\t\t\t\t\t\tdata-xy=\"xo:30px;y:b,b,t,t;yo:392px,392px,200px,200px;\"\n\t\t\t\t\t\t\t\tdata-text=\"w:normal;s:60,60,45,45;l:70,70,53,53;fw:700;\"\n\t\t\t\t\t\t\t\tdata-frame_0=\"x:50,38,28,17;\"\n\t\t\t\t\t\t\t\tdata-frame_1=\"sp:1750;\"\n\t\t\t\t\t\t\t\tdata-frame_999=\"o:0;st:w;\"\n\t\t\t\t\t\t\t\tstyle=\"z-index:10;font-family:'Play';text-transform:capitalize;\"\n\t\t\t\t\t\t\t>Bur\u0101\u0161ana \u2013<br \/>\ntas ir dz\u012bvesveids! \n\t\t\t\t\t\t\t<\/h1><!--\n\n\t\t\t\t\t\t\t--><p\n\t\t\t\t\t\t\t\tid=\"slider-1-slide-10-layer-3\" \n\t\t\t\t\t\t\t\tclass=\"rs-layer\"\n\t\t\t\t\t\t\t\tdata-type=\"text\"\n\t\t\t\t\t\t\t\tdata-color=\"rgba(255, 255, 255, 0.8)\"\n\t\t\t\t\t\t\t\tdata-rsp_ch=\"on\"\n\t\t\t\t\t\t\t\tdata-xy=\"xo:30px;y:b,b,m,m;yo:285px,285px,70px,70px;\"\n\t\t\t\t\t\t\t\tdata-text=\"w:normal;s:16,16,14,14;l:26,26,19,19;\"\n\t\t\t\t\t\t\t\tdata-dim=\"w:716px,506px,506px,90%;\"\n\t\t\t\t\t\t\t\tdata-frame_0=\"x:50,38,28,17;\"\n\t\t\t\t\t\t\t\tdata-frame_1=\"y:-1px,0px,0px,0px;sp:1750;\"\n\t\t\t\t\t\t\t\tdata-frame_999=\"o:0;st:w;\"\n\t\t\t\t\t\t\t\tstyle=\"z-index:11;font-family:'Play';\"\n\t\t\t\t\t\t\t>Pied\u0101v\u0101jam braucienus pa j\u016bru P\u0113rnavas l\u012bc\u012b un tuv\u0101kaj\u0101 apk\u0101rtn\u0113.<br \/>\nJautros izpriecu reisos l\u012bc\u012b vai gar\u0101kos kru\u012bzos uz Kihnu salu, Ro\u0146u salu vai Gotlandi, izmantojot buru jahtu <i>Take Off<\/i> vai katamar\u0101nu <i>La Boheme<\/i>, var doties da\u017e\u0101da lieluma grupas. Izv\u0113le ir J\u016bsu rok\u0101s!<br \/>\n \n\t\t\t\t\t\t\t<\/p><!--\n\n\t\t\t\t\t\t\t--><a\n\t\t\t\t\t\t\t\tid=\"slider-1-slide-10-layer-4\" \n\t\t\t\t\t\t\t\tclass=\"rs-layer rev-btn\"\n\t\t\t\t\t\t\t\thref=\"https:\/\/sailestonia.ee\/lv\/piedavajumi\" target=\"_self\"\n\t\t\t\t\t\t\t\tdata-type=\"button\"\n\t\t\t\t\t\t\t\tdata-rsp_ch=\"on\"\n\t\t\t\t\t\t\t\tdata-xy=\"xo:30px;y:b;yo:191px,190px,90px,90px;\"\n\t\t\t\t\t\t\t\tdata-text=\"w:normal;s:16;l:24;\"\n\t\t\t\t\t\t\t\tdata-dim=\"minh:0px,none,none,none;\"\n\t\t\t\t\t\t\t\tdata-padding=\"t:18,18,14,14;r:40,40,30,30;b:18,18,14,14;l:40,40,30,30;\"\n\t\t\t\t\t\t\t\tdata-border=\"bos:solid;boc:#ffffff;bow:2px,2px,2px,2px;\"\n\t\t\t\t\t\t\t\tdata-frame_0=\"x:50,38,28,17;\"\n\t\t\t\t\t\t\t\tdata-frame_1=\"sp:2000;\"\n\t\t\t\t\t\t\t\tdata-frame_999=\"o:0;st:w;\"\n\t\t\t\t\t\t\t\tdata-frame_hover=\"bgc:#3256c6;gs:sliding;boc:#fff;bor:0px,0px,0px,0px;bos:solid;bow:2px,2px,2px,2px;e:power1.inOut;iC:true;\"\n\t\t\t\t\t\t\t\tstyle=\"z-index:12;background-color:rgba(0,0,0,0);font-family:'Play';\"\n\t\t\t\t\t\t\t>Apskatiet pied\u0101v\u0101jumus! \n\t\t\t\t\t\t\t<\/a><!--\n\n\t\t\t\t\t\t\t--><rs-layer\n\t\t\t\t\t\t\t\tid=\"slider-1-slide-10-layer-5\" \n\t\t\t\t\t\t\t\tdata-type=\"shape\"\n\t\t\t\t\t\t\t\tdata-rsp_ch=\"on\"\n\t\t\t\t\t\t\t\tdata-text=\"w:normal;s:20,15,11,6;l:0,19,14,8;\"\n\t\t\t\t\t\t\t\tdata-dim=\"w:100%;h:100%;\"\n\t\t\t\t\t\t\t\tdata-basealign=\"slide\"\n\t\t\t\t\t\t\t\tdata-frame_0=\"o:1;\"\n\t\t\t\t\t\t\t\tdata-frame_999=\"o:0;st:w;\"\n\t\t\t\t\t\t\t\tstyle=\"z-index:0;background-color:rgba(0,0,0,0.5);\"\n\t\t\t\t\t\t\t> \n\t\t\t\t\t\t\t<\/rs-layer><!--\n-->\t\t\t\t\t<\/rs-slide>\n\t\t\t\t\t<\/rs-slides>\n\t\t\t\t<\/rs-module>\n\t\t\t\t<script>\n\t\t\t\t\tsetREVStartSize({c: 'rev_slider_1_1',rl:[1240,1024,778,480],el:[800,800,600,600],gw:[1320,1024,778,480],gh:[800,800,600,600],type:'standard',justify:'',layout:'fullwidth',mh:\"0\"});if (window.RS_MODULES!==undefined && window.RS_MODULES.modules!==undefined && window.RS_MODULES.modules[\"revslider11\"]!==undefined) {window.RS_MODULES.modules[\"revslider11\"].once = false;window.revapi1 = undefined;if (window.RS_MODULES.checkMinimal!==undefined) window.RS_MODULES.checkMinimal()}\n\t\t\t\t<\/script>\n\t\t\t<\/rs-module-wrap>\n\t\t\t<!-- END REVOLUTION SLIDER -->\n<\/div>\n\n\t\t\t\t\t\t<\/div>\n\t\t\t\t<\/div>\n\t\t\t\t\t<\/div>\n\t\t<\/div>\n\t\t\t\t\t<\/div>\n\t\t<\/section>\n\t\t\t\t<section class=\"elementor-section elementor-top-section elementor-element elementor-element-d114b2c elementor-section-boxed elementor-section-height-default elementor-section-height-default\" data-id=\"d114b2c\" data-element_type=\"section\" data-e-type=\"section\">\n\t\t\t\t\t\t<div class=\"elementor-container elementor-column-gap-no\">\n\t\t\t\t\t<div class=\"elementor-column elementor-col-100 elementor-top-column elementor-element elementor-element-356ae6e\" data-id=\"356ae6e\" data-element_type=\"column\" data-e-type=\"column\">\n\t\t\t<div class=\"elementor-widget-wrap elementor-element-populated\">\n\t\t\t\t\t\t<div class=\"elementor-element elementor-element-e205c20 elementor-widget elementor-widget-yachbat_elementor_heading\" data-id=\"e205c20\" data-element_type=\"widget\" data-e-type=\"widget\" data-widget_type=\"yachbat_elementor_heading.default\">\n\t\t\t\t<div class=\"elementor-widget-container\">\n\t\t\t\t\t\t\t\t<div class=\"ova-title\">\r\n\t\t\t\t<h3 class=\"sub-title\">M\u016bsu j\u016bras transportl\u012bdzek\u013ci<\/h3>\r\n\t\t\t\t\t\t\t\t\t<h2 class=\"title\">\r\n\t\t\t\t\t\tBuru jahta un katamar\u0101ns\t\t\t\t\t<\/h2>\r\n\t\t\t    \t\t\t<\/div> \r\n\t\t\t\t\t\t<\/div>\n\t\t\t\t<\/div>\n\t\t\t\t<div class=\"elementor-element elementor-element-2158d5e elementor-widget elementor-widget-yachbat_elementor_product_list\" data-id=\"2158d5e\" data-element_type=\"widget\" data-e-type=\"widget\" data-widget_type=\"yachbat_elementor_product_list.default\">\n\t\t\t\t<div class=\"elementor-widget-container\">\n\t\t\t\t\t\t\t\t<ul class=\"ova-product-list column2\">\r\n\t\t\t\t\t\t\t\t\t<li class=\"ova-product product type-product post-6502 status-publish first instock product_cat-kugi has-post-thumbnail taxable shipping-taxable purchasable product-type-ovabrw_car_rental\">\r\n\t<div class=\"yachbat_head_product\">\r\n\t<div class=\"yachbat-product-wishlist\">\r\n\t\t\n<div\n\tclass=\"yith-wcwl-add-to-wishlist add-to-wishlist-6502 yith-wcwl-add-to-wishlist--link-style wishlist-fragment on-first-load\"\n\tdata-fragment-ref=\"6502\"\n\tdata-fragment-options=\"{&quot;base_url&quot;:&quot;&quot;,&quot;product_id&quot;:6502,&quot;parent_product_id&quot;:0,&quot;product_type&quot;:&quot;ovabrw_car_rental&quot;,&quot;is_single&quot;:false,&quot;in_default_wishlist&quot;:false,&quot;show_view&quot;:false,&quot;browse_wishlist_text&quot;:&quot;Browse wishlist&quot;,&quot;already_in_wishslist_text&quot;:&quot;The product is already in your wishlist!&quot;,&quot;product_added_text&quot;:&quot;Product added!&quot;,&quot;available_multi_wishlist&quot;:false,&quot;disable_wishlist&quot;:false,&quot;show_count&quot;:false,&quot;ajax_loading&quot;:false,&quot;loop_position&quot;:&quot;after_add_to_cart&quot;,&quot;item&quot;:&quot;add_to_wishlist&quot;}\"\n>\n\t\t\t\n\t\t\t<!-- ADD TO WISHLIST -->\n\t\t\t\n<div class=\"yith-wcwl-add-button\">\n\t\t<a\n\t\thref=\"?add_to_wishlist=6502&#038;_wpnonce=e8a3168aad\"\n\t\tclass=\"add_to_wishlist single_add_to_wishlist\"\n\t\tdata-product-id=\"6502\"\n\t\tdata-product-type=\"ovabrw_car_rental\"\n\t\tdata-original-product-id=\"0\"\n\t\tdata-title=\"Add to wishlist\"\n\t\trel=\"nofollow\"\n\t>\n\t\t<svg id=\"yith-wcwl-icon-heart-outline\" class=\"yith-wcwl-icon-svg\" fill=\"none\" stroke-width=\"1.5\" stroke=\"currentColor\" viewBox=\"0 0 24 24\" xmlns=\"http:\/\/www.w3.org\/2000\/svg\">\n  <path stroke-linecap=\"round\" stroke-linejoin=\"round\" d=\"M21 8.25c0-2.485-2.099-4.5-4.688-4.5-1.935 0-3.597 1.126-4.312 2.733-.715-1.607-2.377-2.733-4.313-2.733C5.1 3.75 3 5.765 3 8.25c0 7.22 9 12 9 12s9-4.78 9-12Z\"><\/path>\n<\/svg>\t\t<span>Add to wishlist<\/span>\n\t<\/a>\n<\/div>\n\n\t\t\t<!-- COUNT TEXT -->\n\t\t\t\n\t\t\t<\/div>\n\t<\/div>\r\n\r\n<a href=\"https:\/\/sailestonia.ee\/lv\/kugis\/take-off\/\" class=\"yachbat-product-thumbnail\">\r\n\t<img decoding=\"async\" width=\"960\" height=\"540\" src=\"https:\/\/sailestonia.ee\/wp-content\/uploads\/2022\/05\/Take_Off_sadamas.jpg\" class=\"attachment-yachbat_thumb_product size-yachbat_thumb_product\" alt=\"Buru jahta | Take Off\" srcset=\"https:\/\/sailestonia.ee\/wp-content\/uploads\/2022\/05\/Take_Off_sadamas.jpg 960w, https:\/\/sailestonia.ee\/wp-content\/uploads\/2022\/05\/Take_Off_sadamas-300x169.jpg 300w, https:\/\/sailestonia.ee\/wp-content\/uploads\/2022\/05\/Take_Off_sadamas-768x432.jpg 768w, https:\/\/sailestonia.ee\/wp-content\/uploads\/2022\/05\/Take_Off_sadamas-600x338.jpg 600w\" sizes=\"(max-width: 960px) 100vw, 960px\" \/>\t<div class=\"mask\"><\/div>\r\n<\/a>\r\n\r\n\r\n<ul class=\"yachbat-product-features\">\r\n\t\t\t<li class=\"yachbat-product-features-item\">\r\n\t\t\t<i aria-hidden=\"true\" class=\"icomoon icomoon-users\"><\/i>\r\n\t\t\t<span> \r\n\t\t\t\t12 personas\t\r\n\t\t\t<\/span>\r\n\t\t<\/li>\r\n\t\t\t<li class=\"yachbat-product-features-item\">\r\n\t\t\t<i aria-hidden=\"true\" class=\"icomoon icomoon-tools\"><\/i>\r\n\t\t\t<span>\r\n\t\t\t    2008\t\r\n\t\t\t<\/span>\r\n\t\t<\/li>\r\n\t\t\t<li class=\"yachbat-product-features-item\">\r\n\t\t\t<i aria-hidden=\"true\" class=\"icomoon icomoon-ruler-combined\"><\/i>\r\n\t\t\t<span> \r\n\t\t\t\t41 p\u0113da\t\r\n\t\t\t<\/span>\r\n\t\t<\/li>\r\n\t<\/ul><\/div>            <div class=\"yachbat_foot_product\">\r\n        \r\n<h2 class=\"yachbat-product-title\">\r\n\t<a href=\"https:\/\/sailestonia.ee\/lv\/kugis\/take-off\/\">\r\n\t\tBuru jahta | Take Off\t<\/a>\r\n<\/h2>        <div class=\"yachbat-product-wrapper-price\">\r\n        \t<div class=\"yachbat-product-price\">\r\n\t\t<span class=\"from-price\">No<\/span>\r\n\t\t\t\t\t<span class=\"product-amount\"><span class=\"woocommerce-Price-amount amount\"><bdi>175&nbsp;<span class=\"woocommerce-Price-currencySymbol\">&euro;<\/span><\/bdi><\/span><\/span>\r\n\t\t\t<span class=\"define_1_day\">\/stunda<\/span>\r\n\t\t\t<\/div>\r\n\t\r\n\t<a href=\"https:\/\/sailestonia.ee\/lv\/kugis\/take-off\/\" class=\"btn product-btn-book-now\">\r\n\t\tRezerv\u0113t\t\t<i aria-hidden=\"true\" class=\"icomoon icomoon-long-arrow-right\"><\/i>\r\n\t<\/a>\r\n        <\/div>\r\n                    <\/div>\r\n        <\/li>\r\n\t\t\t\t\t\t\t\t\t<li class=\"ova-product product type-product post-6487 status-publish instock product_cat-kugi has-post-thumbnail taxable shipping-taxable purchasable product-type-ovabrw_car_rental\">\r\n\t<div class=\"yachbat_head_product\">\r\n\t<div class=\"yachbat-product-wishlist\">\r\n\t\t\n<div\n\tclass=\"yith-wcwl-add-to-wishlist add-to-wishlist-6487 yith-wcwl-add-to-wishlist--link-style wishlist-fragment on-first-load\"\n\tdata-fragment-ref=\"6487\"\n\tdata-fragment-options=\"{&quot;base_url&quot;:&quot;&quot;,&quot;product_id&quot;:6487,&quot;parent_product_id&quot;:0,&quot;product_type&quot;:&quot;ovabrw_car_rental&quot;,&quot;is_single&quot;:false,&quot;in_default_wishlist&quot;:false,&quot;show_view&quot;:false,&quot;browse_wishlist_text&quot;:&quot;Browse wishlist&quot;,&quot;already_in_wishslist_text&quot;:&quot;The product is already in your wishlist!&quot;,&quot;product_added_text&quot;:&quot;Product added!&quot;,&quot;available_multi_wishlist&quot;:false,&quot;disable_wishlist&quot;:false,&quot;show_count&quot;:false,&quot;ajax_loading&quot;:false,&quot;loop_position&quot;:&quot;after_add_to_cart&quot;,&quot;item&quot;:&quot;add_to_wishlist&quot;}\"\n>\n\t\t\t\n\t\t\t<!-- ADD TO WISHLIST -->\n\t\t\t\n<div class=\"yith-wcwl-add-button\">\n\t\t<a\n\t\thref=\"?add_to_wishlist=6487&#038;_wpnonce=e8a3168aad\"\n\t\tclass=\"add_to_wishlist single_add_to_wishlist\"\n\t\tdata-product-id=\"6487\"\n\t\tdata-product-type=\"ovabrw_car_rental\"\n\t\tdata-original-product-id=\"0\"\n\t\tdata-title=\"Add to wishlist\"\n\t\trel=\"nofollow\"\n\t>\n\t\t<svg id=\"yith-wcwl-icon-heart-outline\" class=\"yith-wcwl-icon-svg\" fill=\"none\" stroke-width=\"1.5\" stroke=\"currentColor\" viewBox=\"0 0 24 24\" xmlns=\"http:\/\/www.w3.org\/2000\/svg\">\n  <path stroke-linecap=\"round\" stroke-linejoin=\"round\" d=\"M21 8.25c0-2.485-2.099-4.5-4.688-4.5-1.935 0-3.597 1.126-4.312 2.733-.715-1.607-2.377-2.733-4.313-2.733C5.1 3.75 3 5.765 3 8.25c0 7.22 9 12 9 12s9-4.78 9-12Z\"><\/path>\n<\/svg>\t\t<span>Add to wishlist<\/span>\n\t<\/a>\n<\/div>\n\n\t\t\t<!-- COUNT TEXT -->\n\t\t\t\n\t\t\t<\/div>\n\t<\/div>\r\n\r\n<a href=\"https:\/\/sailestonia.ee\/lv\/kugis\/katamarans\/\" class=\"yachbat-product-thumbnail\">\r\n\t<img decoding=\"async\" width=\"2072\" height=\"1381\" src=\"https:\/\/sailestonia.ee\/wp-content\/uploads\/2022\/05\/LaBoheme-2022-06.jpg\" class=\"attachment-yachbat_thumb_product size-yachbat_thumb_product\" alt=\"Katamar\u0101ns | La Boheme\" srcset=\"https:\/\/sailestonia.ee\/wp-content\/uploads\/2022\/05\/LaBoheme-2022-06.jpg 2072w, https:\/\/sailestonia.ee\/wp-content\/uploads\/2022\/05\/LaBoheme-2022-06-300x200.jpg 300w, https:\/\/sailestonia.ee\/wp-content\/uploads\/2022\/05\/LaBoheme-2022-06-1024x683.jpg 1024w, https:\/\/sailestonia.ee\/wp-content\/uploads\/2022\/05\/LaBoheme-2022-06-768x512.jpg 768w, https:\/\/sailestonia.ee\/wp-content\/uploads\/2022\/05\/LaBoheme-2022-06-1536x1024.jpg 1536w, https:\/\/sailestonia.ee\/wp-content\/uploads\/2022\/05\/LaBoheme-2022-06-2048x1365.jpg 2048w, https:\/\/sailestonia.ee\/wp-content\/uploads\/2022\/05\/LaBoheme-2022-06-600x400.jpg 600w\" sizes=\"(max-width: 2072px) 100vw, 2072px\" \/>\t<div class=\"mask\"><\/div>\r\n<\/a>\r\n\r\n\r\n<ul class=\"yachbat-product-features\">\r\n\t\t\t<li class=\"yachbat-product-features-item\">\r\n\t\t\t<i aria-hidden=\"true\" class=\"icomoon icomoon-users\"><\/i>\r\n\t\t\t<span> \r\n\t\t\t\t20 personas\t\r\n\t\t\t<\/span>\r\n\t\t<\/li>\r\n\t\t\t<li class=\"yachbat-product-features-item\">\r\n\t\t\t<i aria-hidden=\"true\" class=\"icomoon icomoon-tools\"><\/i>\r\n\t\t\t<span>\r\n\t\t\t    2012\t\r\n\t\t\t<\/span>\r\n\t\t<\/li>\r\n\t\t\t<li class=\"yachbat-product-features-item\">\r\n\t\t\t<i aria-hidden=\"true\" class=\"icomoon icomoon-ruler-combined\"><\/i>\r\n\t\t\t<span> \r\n\t\t\t\t40 p\u0113das\t\r\n\t\t\t<\/span>\r\n\t\t<\/li>\r\n\t<\/ul><\/div>            <div class=\"yachbat_foot_product\">\r\n        \r\n<h2 class=\"yachbat-product-title\">\r\n\t<a href=\"https:\/\/sailestonia.ee\/lv\/kugis\/katamarans\/\">\r\n\t\tKatamar\u0101ns | La Boheme\t<\/a>\r\n<\/h2>        <div class=\"yachbat-product-wrapper-price\">\r\n        \t<div class=\"yachbat-product-price\">\r\n\t\t<span class=\"from-price\">No<\/span>\r\n\t\t\t\t\t\t            <span class=\"product-amount\"><span class=\"woocommerce-Price-amount amount\"><bdi>550&nbsp;<span class=\"woocommerce-Price-currencySymbol\">&euro;<\/span><\/bdi><\/span> - <span class=\"woocommerce-Price-amount amount\"><bdi>2500&nbsp;<span class=\"woocommerce-Price-currencySymbol\">&euro;<\/span><\/bdi><\/span><\/span>\r\n\t        \t    \t<\/div>\r\n\t\r\n\t<a href=\"https:\/\/sailestonia.ee\/lv\/kugis\/katamarans\/\" class=\"btn product-btn-book-now\">\r\n\t\tRezerv\u0113t\t\t<i aria-hidden=\"true\" class=\"icomoon icomoon-long-arrow-right\"><\/i>\r\n\t<\/a>\r\n        <\/div>\r\n                    <\/div>\r\n        <\/li>\r\n\t\t\t\t\t\t\t<\/ul>\r\n\t\t\t\t\t\t<\/div>\n\t\t\t\t<\/div>\n\t\t\t\t\t<\/div>\n\t\t<\/div>\n\t\t\t\t\t<\/div>\n\t\t<\/section>\n\t\t\t\t<section class=\"elementor-section elementor-top-section elementor-element elementor-element-ef2f498 elementor-section-boxed elementor-section-height-default elementor-section-height-default\" data-id=\"ef2f498\" data-element_type=\"section\" data-e-type=\"section\" data-settings=\"{&quot;background_background&quot;:&quot;classic&quot;}\">\n\t\t\t\t\t\t<div class=\"elementor-container elementor-column-gap-no\">\n\t\t\t\t\t<div class=\"elementor-column elementor-col-33 elementor-top-column elementor-element elementor-element-7b58f1b\" data-id=\"7b58f1b\" data-element_type=\"column\" data-e-type=\"column\">\n\t\t\t<div class=\"elementor-widget-wrap elementor-element-populated\">\n\t\t\t\t\t\t<div class=\"elementor-element elementor-element-3dcd67b elementor-widget elementor-widget-yachbat_elementor_heading\" data-id=\"3dcd67b\" data-element_type=\"widget\" data-e-type=\"widget\" data-widget_type=\"yachbat_elementor_heading.default\">\n\t\t\t\t<div class=\"elementor-widget-container\">\n\t\t\t\t\t\t\t\t<div class=\"ova-title\">\r\n\t\t\t\t<h3 class=\"sub-title\">Par mums<\/h3>\r\n\t\t\t\t\t\t\t\t\t<h2 class=\"title\">\r\n\t\t\t\t\t\tM\u0113s sarg\u0101jam Baltijas j\u016bru\t\t\t\t\t<\/h2>\r\n\t\t\t    \t\t\t<\/div> \r\n\t\t\t\t\t\t<\/div>\n\t\t\t\t<\/div>\n\t\t\t\t<div class=\"elementor-element elementor-element-1087e0c elementor-widget__width-initial elementor-widget elementor-widget-text-editor\" data-id=\"1087e0c\" data-element_type=\"widget\" data-e-type=\"widget\" data-widget_type=\"text-editor.default\">\n\t\t\t\t<div class=\"elementor-widget-container\">\n\t\t\t\t\t\t\t\t\t<p>Katrs maz\u0101kais solis ce\u013c\u0101 uz videi draudz\u012bgu uzved\u012bbu veicina lab\u0101kas r\u012btdienas rad\u012b\u0161anu. Lai samazin\u0101tu visu savu darb\u012bbu ietekmi uz vidi, uz saviem ku\u0123iem izmantojam atk\u0101rtoti lietojamus traukus un r\u016bp\u012bgi \u0161\u0137irojam radu\u0161os atkritumus.<br \/>T\u0101pat nevajag \u0146emt l\u012bdzi \u016bdeni pudel\u0113s, jo mums ir t\u012brs dzeramais \u016bdens no kr\u0101na. T\u0101 izmanto\u0161ana ir \u0113rts, ekonomisks un videi draudz\u012bgs risin\u0101jums.<\/p>\n\t\t\t\t\t\t\t\t<\/div>\n\t\t\t\t<\/div>\n\t\t\t\t\t<\/div>\n\t\t<\/div>\n\t\t\t\t<div class=\"elementor-column elementor-col-66 elementor-top-column elementor-element elementor-element-5b2bba4\" data-id=\"5b2bba4\" data-element_type=\"column\" data-e-type=\"column\" data-settings=\"{&quot;background_background&quot;:&quot;classic&quot;}\">\n\t\t\t<div class=\"elementor-widget-wrap elementor-element-populated\">\n\t\t\t\t\t\t<section class=\"elementor-section elementor-inner-section elementor-element elementor-element-f012d7d elementor-section-boxed elementor-section-height-default elementor-section-height-default\" data-id=\"f012d7d\" data-element_type=\"section\" data-e-type=\"section\" data-settings=\"{&quot;background_background&quot;:&quot;classic&quot;}\">\n\t\t\t\t\t\t<div class=\"elementor-container elementor-column-gap-no\">\n\t\t\t\t\t<div class=\"elementor-column elementor-col-100 elementor-inner-column elementor-element elementor-element-a40585d elementor-hidden-tablet elementor-hidden-mobile\" data-id=\"a40585d\" data-element_type=\"column\" data-e-type=\"column\">\n\t\t\t<div class=\"elementor-widget-wrap elementor-element-populated\">\n\t\t\t\t\t\t<div class=\"elementor-element elementor-element-aa7c66c elementor-widget__width-auto elementor-widget-tablet__width-auto elementor-widget elementor-widget-image\" data-id=\"aa7c66c\" data-element_type=\"widget\" data-e-type=\"widget\" data-widget_type=\"image.default\">\n\t\t\t\t<div class=\"elementor-widget-container\">\n\t\t\t\t\t\t\t\t\t\t\t\t\t\t\t<img loading=\"lazy\" decoding=\"async\" width=\"800\" height=\"571\" src=\"https:\/\/sailestonia.ee\/wp-content\/uploads\/2022\/09\/50612816126_f3031b65aa_o-1024x731.jpg\" class=\"attachment-large size-large wp-image-6479\" alt=\"\" srcset=\"https:\/\/sailestonia.ee\/wp-content\/uploads\/2022\/09\/50612816126_f3031b65aa_o-1024x731.jpg 1024w, https:\/\/sailestonia.ee\/wp-content\/uploads\/2022\/09\/50612816126_f3031b65aa_o-300x214.jpg 300w, https:\/\/sailestonia.ee\/wp-content\/uploads\/2022\/09\/50612816126_f3031b65aa_o-768x549.jpg 768w, https:\/\/sailestonia.ee\/wp-content\/uploads\/2022\/09\/50612816126_f3031b65aa_o-1536x1097.jpg 1536w, https:\/\/sailestonia.ee\/wp-content\/uploads\/2022\/09\/50612816126_f3031b65aa_o-2048x1463.jpg 2048w, https:\/\/sailestonia.ee\/wp-content\/uploads\/2022\/09\/50612816126_f3031b65aa_o-600x429.jpg 600w\" sizes=\"(max-width: 800px) 100vw, 800px\" \/>\t\t\t\t\t\t\t\t\t\t\t\t\t\t\t<\/div>\n\t\t\t\t<\/div>\n\t\t\t\t\t<\/div>\n\t\t<\/div>\n\t\t\t\t\t<\/div>\n\t\t<\/section>\n\t\t\t\t\t<\/div>\n\t\t<\/div>\n\t\t\t\t\t<\/div>\n\t\t<\/section>\n\t\t\t\t<\/div>\n\t\t","protected":false},"excerpt":{"rendered":"<p>M\u016bsu j\u016bras transportl\u012bdzek\u013ci Buru jahta un katamar\u0101ns Add to wishlist 20 inimest 2012 40 jalga Katamaraan | La Boheme Alates 450&nbsp;\u20ac Broneeri kohe Add to wishlist 12 inimest 2008 41 jalga Purjejaht | Take Off Alates 120&nbsp;\u20ac \/tund Broneeri kohe Par mums M\u0113s sarg\u0101jam Baltijas j\u016bru Katrs maz\u0101kais solis ce\u013c\u0101 uz videi draudz\u012bgu uzved\u012bbu veicina [&hellip;]<\/p>\n","protected":false},"author":1,"featured_media":0,"parent":0,"menu_order":0,"comment_status":"closed","ping_status":"closed","template":"elementor_header_footer","meta":{"footnotes":""},"class_list":["post-6450","page","type-page","status-publish","hentry"],"_links":{"self":[{"href":"https:\/\/sailestonia.ee\/lv\/wp-json\/wp\/v2\/pages\/6450","targetHints":{"allow":["GET"]}}],"collection":[{"href":"https:\/\/sailestonia.ee\/lv\/wp-json\/wp\/v2\/pages"}],"about":[{"href":"https:\/\/sailestonia.ee\/lv\/wp-json\/wp\/v2\/types\/page"}],"author":[{"embeddable":true,"href":"https:\/\/sailestonia.ee\/lv\/wp-json\/wp\/v2\/users\/1"}],"replies":[{"embeddable":true,"href":"https:\/\/sailestonia.ee\/lv\/wp-json\/wp\/v2\/comments?post=6450"}],"version-history":[{"count":5,"href":"https:\/\/sailestonia.ee\/lv\/wp-json\/wp\/v2\/pages\/6450\/revisions"}],"predecessor-version":[{"id":6664,"href":"https:\/\/sailestonia.ee\/lv\/wp-json\/wp\/v2\/pages\/6450\/revisions\/6664"}],"wp:attachment":[{"href":"https:\/\/sailestonia.ee\/lv\/wp-json\/wp\/v2\/media?parent=6450"}],"curies":[{"name":"wp","href":"https:\/\/api.w.org\/{rel}","templated":true}]}}