{"id":6608,"date":"2022-05-04T01:04:55","date_gmt":"2022-05-03T22:04:55","guid":{"rendered":"https:\/\/sailestonia.ee\/vessel\/purjevene-take-off\/"},"modified":"2025-03-02T15:24:27","modified_gmt":"2025-03-02T13:24:27","slug":"take-off","status":"publish","type":"product","link":"https:\/\/sailestonia.ee\/fi\/tuote\/take-off\/","title":{"rendered":"Purjevene | Take Off"},"content":{"rendered":"<p><strong>Elan 410<\/strong><\/p>\n<p>Vuonna 2008 valmistettu Elan tyyppinen 41-jalkainen A-luokan turvallinen purjevene, jossa on olemassa kaikki el\u00e4m\u00e4\u00e4n tarvittava sek\u00e4 pidemm\u00e4ll\u00e4 matkalla ett\u00e4 muutaman tunnin risteilyll\u00e4. Aluksella on keitti\u00f6 ja 3 kajuuttaa kahdeksalla makuupaikalla. Keitti\u00f6ss\u00e4 on j\u00e4\u00e4kaappi, kaasuliesi + uuni sek\u00e4 keitti\u00f6v\u00e4lineet ja -astiat. Lis\u00e4ksi voi nauttia l\u00e4mpim\u00e4st\u00e4 suihkusta ja olemassa on WC.<br \/>\nPurjevene on varustettu asianmukaisilla turva- ja pelastusv\u00e4lineill\u00e4.<\/p>\n","protected":false},"excerpt":{"rendered":"<p>Vuonna 2008 valmistettu Elan tyyppinen 41-jalkainen A-luokan turvallinen purjevene, jossa on olemassa kaikki el\u00e4m\u00e4\u00e4n tarvittava sek\u00e4 pidemm\u00e4ll\u00e4 matkalla ett\u00e4 muutaman tunnin risteilyll\u00e4.<\/p>\n","protected":false},"featured_media":5782,"template":"","meta":[],"product_brand":[],"product_cat":[66],"product_tag":[],"class_list":{"0":"post-6608","1":"product","2":"type-product","3":"status-publish","4":"has-post-thumbnail","6":"product_cat-alukset","8":"first","9":"instock","10":"taxable","11":"shipping-taxable","12":"purchasable","13":"product-type-ovabrw_car_rental"},"_links":{"self":[{"href":"https:\/\/sailestonia.ee\/fi\/wp-json\/wp\/v2\/product\/6608","targetHints":{"allow":["GET"]}}],"collection":[{"href":"https:\/\/sailestonia.ee\/fi\/wp-json\/wp\/v2\/product"}],"about":[{"href":"https:\/\/sailestonia.ee\/fi\/wp-json\/wp\/v2\/types\/product"}],"wp:featuredmedia":[{"embeddable":true,"href":"https:\/\/sailestonia.ee\/fi\/wp-json\/wp\/v2\/media\/5782"}],"wp:attachment":[{"href":"https:\/\/sailestonia.ee\/fi\/wp-json\/wp\/v2\/media?parent=6608"}],"wp:term":[{"taxonomy":"product_brand","embeddable":true,"href":"https:\/\/sailestonia.ee\/fi\/wp-json\/wp\/v2\/product_brand?post=6608"},{"taxonomy":"product_cat","embeddable":true,"href":"https:\/\/sailestonia.ee\/fi\/wp-json\/wp\/v2\/product_cat?post=6608"},{"taxonomy":"product_tag","embeddable":true,"href":"https:\/\/sailestonia.ee\/fi\/wp-json\/wp\/v2\/product_tag?post=6608"}],"curies":[{"name":"wp","href":"https:\/\/api.w.org\/{rel}","templated":true}]}}