{"id":6607,"date":"2022-05-04T01:07:15","date_gmt":"2022-05-03T22:07:15","guid":{"rendered":"https:\/\/sailestonia.ee\/vessel\/katamaraani-la-boheme\/"},"modified":"2025-03-02T15:23:56","modified_gmt":"2025-03-02T13:23:56","slug":"katamaraani","status":"publish","type":"product","link":"https:\/\/sailestonia.ee\/fi\/tuote\/katamaraani\/","title":{"rendered":"Katamaraani | La Boheme"},"content":{"rendered":"<p>Tilava ja ylellinen katamaraani Lagoon 400. Alukselle mahtuu enint\u00e4\u00e4n 20 henkil\u00f6\u00e4 miehist\u00f6ineen. Soveltuu erinomaisesti mukavaa merimatkaa arvostavalle isommalle seurueelle.<\/p>\n<p>Aluksella on keitti\u00f6, nelj\u00e4 kylpyhuonetta ja nelj\u00e4 kajuuttaa. Keitti\u00f6ss\u00e4 on kaksi j\u00e4\u00e4kaappia, kaasuliesi ja -uuni sek\u00e4 keitti\u00f6v\u00e4lineet ja -astiat. Salongissa on tilava oleskelualue, TV ja audioj\u00e4rjestelm\u00e4. Ulkokannella on tilavat oleskelu- ja auringonottoalueet. Tuulisella ja sateisella s\u00e4\u00e4ll\u00e4 ulkokannen oleskelualue on t\u00e4ysin suljettavissa.<\/p>\n<p>Soveltuu erinomaisesti suurenmoisiin ja tyylikk\u00e4isiin juhliin: syntym\u00e4p\u00e4iviin, polttari-iltoihin, tiskijukan vet\u00e4miin tanssibileisiin ja yritystapahtumiin, kokoukset, seminaarit ja koulutukset mukaan luettuna. Katamaraani on varustettu asianmukaisilla turvavarusteilla.<\/p>\n","protected":false},"excerpt":{"rendered":"<p>Tilava ja ylellinen katamaraani Lagoon 400. Alukselle mahtuu enint\u00e4\u00e4n 20 henkil\u00f6\u00e4 miehist\u00f6ineen. Soveltuu erinomaisesti mukavaa merimatkaa arvostavalle isommalle seurueelle.<\/p>\n","protected":false},"featured_media":6067,"template":"","meta":[],"product_brand":[],"product_cat":[66],"product_tag":[],"class_list":{"0":"post-6607","1":"product","2":"type-product","3":"status-publish","4":"has-post-thumbnail","6":"product_cat-alukset","8":"first","9":"instock","10":"taxable","11":"shipping-taxable","12":"purchasable","13":"product-type-ovabrw_car_rental"},"_links":{"self":[{"href":"https:\/\/sailestonia.ee\/fi\/wp-json\/wp\/v2\/product\/6607","targetHints":{"allow":["GET"]}}],"collection":[{"href":"https:\/\/sailestonia.ee\/fi\/wp-json\/wp\/v2\/product"}],"about":[{"href":"https:\/\/sailestonia.ee\/fi\/wp-json\/wp\/v2\/types\/product"}],"wp:featuredmedia":[{"embeddable":true,"href":"https:\/\/sailestonia.ee\/fi\/wp-json\/wp\/v2\/media\/6067"}],"wp:attachment":[{"href":"https:\/\/sailestonia.ee\/fi\/wp-json\/wp\/v2\/media?parent=6607"}],"wp:term":[{"taxonomy":"product_brand","embeddable":true,"href":"https:\/\/sailestonia.ee\/fi\/wp-json\/wp\/v2\/product_brand?post=6607"},{"taxonomy":"product_cat","embeddable":true,"href":"https:\/\/sailestonia.ee\/fi\/wp-json\/wp\/v2\/product_cat?post=6607"},{"taxonomy":"product_tag","embeddable":true,"href":"https:\/\/sailestonia.ee\/fi\/wp-json\/wp\/v2\/product_tag?post=6607"}],"curies":[{"name":"wp","href":"https:\/\/api.w.org\/{rel}","templated":true}]}}