{"id":6638,"date":"2023-04-10T09:36:08","date_gmt":"2023-04-10T06:36:08","guid":{"rendered":"https:\/\/sailestonia.ee\/kayttoehdot\/"},"modified":"2023-04-27T12:37:39","modified_gmt":"2023-04-27T09:37:39","slug":"kayttoehdot","status":"publish","type":"page","link":"https:\/\/sailestonia.ee\/fi\/kayttoehdot\/","title":{"rendered":"K\u00e4ytt\u00f6ehdot"},"content":{"rendered":"\n<p><strong>Verkkosivun k\u00e4ytt\u00f6ehdot <\/strong><\/p>\n\n<p>Miten varataan <\/p>\n\n<p>SailEstonian varausj\u00e4rjestelm\u00e4 on yksinkertainen ja nopea ja voit laatia varauksen alusta loppuun kotisivulla valitsemalla sopivan vesikulkuneuvon ja jos olet p\u00e4\u00e4tt\u00e4nyt varata sen, voit sen j\u00e4lkeen kotisivulla my\u00f6s suorittaa maksun. <\/p>\n\n<p>Varausprosessin tarkka kuvaus <\/p>\n\n<p>1. Mene varaussivulle ja sy\u00f6t\u00e4 sopivat p\u00e4iv\u00e4m\u00e4\u00e4r\u00e4t ja henkil\u00f6m\u00e4\u00e4r\u00e4;<br\/>2. Jos olet valinnut sopivan vesikulkuneuvon ja haluat tehd\u00e4 varauksen, klikkaa Varaa heti -painiketta. <br\/>3. Sen j\u00e4lkeen sinut ohjataan Ostoskori-sivulle.<br\/>4. Varauksen voi maksaa joko luottokortilla (Visa, Mastercard) tai virolaisten pankkilinkkien kautta (Swedbank, SEB, LHV, Coop, Luminor). Palvelun tarjoaa Montonio Finance O\u00dc. Kaikki maksut ovat eurom\u00e4\u00e4r\u00e4isi\u00e4. Henkil\u00f6tietojesi k\u00e4sittelyst\u00e4 vastaava rekisterinpit\u00e4j\u00e4 on varaamisen yhteydess\u00e4 Dira Group O\u00dc, joka l\u00e4hett\u00e4\u00e4 maksun suorittamiseen tarvittavat tiedot valtuutetulle k\u00e4sittelij\u00e4lle Montonio Finance O\u00dc. <br\/>5. Maksun suorittamisen j\u00e4lkeen l\u00e4het\u00e4mme sinulle s\u00e4hk\u00f6postitse vahvistuskirjeen, vakuuttuaksesi siit\u00e4, ett\u00e4 varauksesi on vahvistettu. Jos vahvistuskirjett\u00e4 ei tule, pyyd\u00e4mme ottamaan meihin yhteytt\u00e4 <a href=\"mailto:info@sailestonia.ee\">info@sailestonia.ee<\/a><\/p>\n\n<p>Palvelun peruutus <\/p>\n\n<p>1. Jos haluat varauksen tekemisen j\u00e4lkeen peruuttaa palvelun ja teet sen viimeist\u00e4\u00e4n 3 p\u00e4iv\u00e4\u00e4 ennen meriretkelle l\u00e4ht\u00f6\u00e4, palautamme koko maksamasi summan. Jos haluat varauksen tekemisen j\u00e4lkeen peruuttaa palvelun, mutta meriretkelle l\u00e4ht\u00f6\u00f6n on j\u00e4\u00e4nyt v\u00e4hemm\u00e4n kuin 3 p\u00e4iv\u00e4\u00e4, sinulle palautetaan 50% palvelun hinnasta ja muita maksettuja raham\u00e4\u00e4ri\u00e4 ei palauteta. <\/p>\n","protected":false},"excerpt":{"rendered":"<p>Verkkosivun k\u00e4ytt\u00f6ehdot Miten varataan SailEstonian varausj\u00e4rjestelm\u00e4 on yksinkertainen ja nopea ja voit laatia varauksen alusta loppuun kotisivulla valitsemalla sopivan vesikulkuneuvon ja jos olet p\u00e4\u00e4tt\u00e4nyt varata sen, voit sen j\u00e4lkeen kotisivulla my\u00f6s suorittaa maksun. Varausprosessin tarkka kuvaus 1. Mene varaussivulle ja sy\u00f6t\u00e4 sopivat p\u00e4iv\u00e4m\u00e4\u00e4r\u00e4t ja henkil\u00f6m\u00e4\u00e4r\u00e4;2. Jos olet valinnut sopivan vesikulkuneuvon ja haluat tehd\u00e4 varauksen, klikkaa [&hellip;]<\/p>\n","protected":false},"author":1,"featured_media":0,"parent":0,"menu_order":0,"comment_status":"closed","ping_status":"closed","template":"","meta":{"footnotes":""},"class_list":["post-6638","page","type-page","status-publish","hentry"],"_links":{"self":[{"href":"https:\/\/sailestonia.ee\/fi\/wp-json\/wp\/v2\/pages\/6638","targetHints":{"allow":["GET"]}}],"collection":[{"href":"https:\/\/sailestonia.ee\/fi\/wp-json\/wp\/v2\/pages"}],"about":[{"href":"https:\/\/sailestonia.ee\/fi\/wp-json\/wp\/v2\/types\/page"}],"author":[{"embeddable":true,"href":"https:\/\/sailestonia.ee\/fi\/wp-json\/wp\/v2\/users\/1"}],"replies":[{"embeddable":true,"href":"https:\/\/sailestonia.ee\/fi\/wp-json\/wp\/v2\/comments?post=6638"}],"version-history":[{"count":1,"href":"https:\/\/sailestonia.ee\/fi\/wp-json\/wp\/v2\/pages\/6638\/revisions"}],"predecessor-version":[{"id":6639,"href":"https:\/\/sailestonia.ee\/fi\/wp-json\/wp\/v2\/pages\/6638\/revisions\/6639"}],"wp:attachment":[{"href":"https:\/\/sailestonia.ee\/fi\/wp-json\/wp\/v2\/media?parent=6638"}],"curies":[{"name":"wp","href":"https:\/\/api.w.org\/{rel}","templated":true}]}}