{"id":6633,"date":"2023-03-15T08:08:32","date_gmt":"2023-03-15T06:08:32","guid":{"rendered":"https:\/\/sailestonia.ee\/saannot\/"},"modified":"2023-04-27T12:35:35","modified_gmt":"2023-04-27T09:35:35","slug":"saannot","status":"publish","type":"page","link":"https:\/\/sailestonia.ee\/fi\/saannot\/","title":{"rendered":"S\u00e4\u00e4nn\u00f6t"},"content":{"rendered":"\t\t<div data-elementor-type=\"wp-page\" data-elementor-id=\"6633\" class=\"elementor elementor-6633 elementor-6110\" data-elementor-post-type=\"page\">\n\t\t\t\t\t\t<section class=\"elementor-section elementor-top-section elementor-element elementor-element-5073021 elementor-hidden-desktop elementor-hidden-tablet elementor-hidden-mobile elementor-section-boxed elementor-section-height-default elementor-section-height-default\" data-id=\"5073021\" data-element_type=\"section\" data-e-type=\"section\">\n\t\t\t\t\t\t<div class=\"elementor-container elementor-column-gap-no\">\n\t\t\t\t\t<div class=\"elementor-column elementor-col-100 elementor-top-column elementor-element elementor-element-11a8c22\" data-id=\"11a8c22\" data-element_type=\"column\" data-e-type=\"column\">\n\t\t\t<div class=\"elementor-widget-wrap elementor-element-populated\">\n\t\t\t\t\t\t<div class=\"elementor-element elementor-element-b597dcc elementor-widget elementor-widget-ovabrw_search\" data-id=\"b597dcc\" data-element_type=\"widget\" data-e-type=\"widget\" data-widget_type=\"ovabrw_search.default\">\n\t\t\t\t<div class=\"elementor-widget-container\">\n\t\t\t\t\t\n<div class=\"ovabrw-search\">\n\t<form action=\"https:\/\/sailestonia.ee\/fi\/\" method=\"GET\" class=\"ovabrw-search-form\">\n\t\t<div class=\"ovabrw-s-field\">\n\n\t\t\t                <div class=\"search-field\">\n                \t<i aria-hidden=\"true\" class=\"icomoon icomoon-layer\"><\/i>\n                \t<div class=\"ovabrw-input\">\n\t                    <span class=\"label\">Package<\/span>\n\t                \t<select name=\"ovabrw_package\" id=\"ovabrw_package\">\n\t                \t\t<option value selected=\"selected\">\n\t                \t\t\tVali pakett\t                \t\t<\/option>\n\n\t                \t\t\t\t                \t\t<option value=\"10800\">\n\t\t                \t\t\tMorning\t\t                \t\t<\/option>\n\t                \t                    \t    <\/select>\n                    <\/div>\n                <\/div>\n\t        \n            <!-- time check in -->\n\t\t\t<div class=\"search-field\">\n\t\t\t\t<i aria-hidden=\"true\" class=\"icomoon icomoon-calendar-alt\"><\/i>\n\t\t\t\t<div class=\"ovabrw-input\">\n\t\t\t\t\t<span class=\"label\">Check in<\/span>\n\t\t\t\t\t<input\n\t\t\t\t\t\ttype=\"text\"\n\t\t\t\t\t\tname=\"ovabrw_pickup_date\" \n\t\t\t\t\t\tclass=\"ovabrw_datetimepicker ovabrw_start_date\" \n\t\t\t\t\t\tplaceholder=\"dd-mm-yyyy\" \n\t\t\t\t\t\tautocomplete=\"off\" \n\t\t\t\t\t\tdata-hour_default=\"07:00\" \n\t\t\t\t\t\tdata-time_step=\"30\" \n\t\t\t\t\t\tdata-dateformat=\"d-m-Y\" \n\t\t\t\t\t\tonkeydown=\"return false\" \n\t\t\t\t\t\tonfocus=\"blur();\" \n\t\t\t\t\t\tdata-firstday='1' \n\t\t\t\t\t\ttimepicker=\"true\" \/>\n\t\t\t\t<\/div>\n\t\t\t<\/div>\n            \n            <!-- time check out -->\n            \t\t\n            <!-- guest -->\n\t\t\t<div class=\"search-field guestspicker-control\">\n\n\t\t\t\t<i aria-hidden=\"true\" class=\"icomoon icomoon-user-friends\"><\/i>\n\n\t\t\t\t<div class=\"ovabrw-input ovabrw-guestspicker-content-wrapper\">\n\t\t\t\t\t<div class=\"ovabrw-label\">\n\t\t\t\t\t\t<span class=\"label\">Guests<\/span>\n\t\t\t\t\t<\/div>\n\t\t\t\t\t<div class=\"ovabrw-guestspicker\">\n\t\t\t\t\t\t<div class=\"guestspicker\">\n\t\t\t\t\t\t\t<span class=\"gueststotal\">3<\/span>\n\t\t\t\t\t\t\t<span class=\"guestslabel\">Inimest<\/span>\n\t\t\t\t\t\t<\/div>\n\t\t\t\t\t<\/div>\n\t\t\t\t\t<div class=\"ovabrw-guestspicker-content\">\n\t\t\t\t\t\t<div class=\"guests-buttons\">\n\t\t\t\t\t\t\t<div class=\"description\">\n\t\t\t\t\t\t\t\t<label>Adults<\/label>\n\t\t\t\t\t\t\t<\/div>\n\t\t\t\t\t\t\t<div class=\"guests-button\">\n\t\t\t\t\t\t\t\t<div class=\"guests-icon minus\">\n\t\t\t\t\t\t\t\t\t<i class=\"fas fa-minus\"><\/i>\n\t\t\t\t\t\t\t\t<\/div>\n\t\t\t\t\t\t\t\t<input \n\t\t\t\t\t\t\t\t\ttype=\"text\" \n\t\t\t\t\t\t\t\t\tid=\"ovabrw_adults\" \n\t\t\t\t\t\t\t\t\tname=\"ovabrw_adults\" \n\t\t\t\t\t\t\t\t\tclass=\"ovabrw_adults\" \n\t\t\t\t\t\t\t\t\tvalue=\"1\" \n\t\t\t\t\t\t\t\t\tmin=\"1\" \n\t\t\t\t\t\t\t\t\tmax=\"30\" \/>\n\t\t\t\t\t\t\t\t<div class=\"guests-icon plus\">\n\t\t\t\t\t\t\t\t\t<i class=\"fas fa-plus\"><\/i>\n\t\t\t\t\t\t\t\t<\/div>\n\t\t\t\t\t\t\t<\/div>\n\t\t\t\t\t\t<\/div>\n\n\t\t\t\t\t\t<div class=\"guests-buttons\">\n\t\t\t\t\t\t\t<div class=\"description\">\n\t\t\t\t\t\t\t\t<label>Childrens<\/label>\n\t\t\t\t\t\t\t<\/div>\n\t\t\t\t\t\t\t<div class=\"guests-button\">\n\t\t\t\t\t\t\t\t<div class=\"guests-icon minus\">\n\t\t\t\t\t\t\t\t\t<i class=\"fas fa-minus\"><\/i>\n\t\t\t\t\t\t\t\t<\/div>\n\t\t\t\t\t\t\t\t<input \n\t\t\t\t\t\t\t\t\ttype=\"text\" \n\t\t\t\t\t\t\t\t\tid=\"ovabrw_childrens\" \n\t\t\t\t\t\t\t\t\tname=\"ovabrw_childrens\" \n\t\t\t\t\t\t\t\t\tclass=\"ovabrw_childrens\" \n\t\t\t\t\t\t\t\t\tvalue=\"2\" \n\t\t\t\t\t\t\t\t\tmin=\"0\" \n\t\t\t\t\t\t\t\t\tmax=\"10\" \/>\n\t\t\t\t\t\t\t\t<div class=\"guests-icon plus\">\n\t\t\t\t\t\t\t\t\t<i class=\"fas fa-plus\"><\/i>\n\t\t\t\t\t\t\t\t<\/div>\n\t\t\t\t\t\t\t<\/div>\n\t\t\t\t\t\t<\/div>\n\t\t\t\t\t<\/div>\n\t\t\t\t<\/div>\n\t\t\t\t\n\t\t\t<\/div>\n\t\t<\/div>\n\t\t<!-- button -->\n\t\t<div class=\"ovabrw-search-btn\">\n\t\t\t\t\t\t\t<input type=\"hidden\" name=\"ovabrw_search_product\" value=\"ovabrw_search_product\" \/>\n                <input type=\"hidden\" name=\"ovabrw_search\" value=\"search_item\" \/>\n                <input type=\"hidden\" name=\"post_type\" value=\"product\" \/>\n\t\t\t\t\t\t<button class=\"ovabrw-btn\" type=\"submit\">\n\t\t\t\t<i class=\"icomoon icomoon-search\"><\/i>\n\t\t\t\tSearch\t\n\t\t\t<\/button>\t\t\n\t\t<\/div>\n\t<\/form>\n\t\n<\/div>\t\t\t\t<\/div>\n\t\t\t\t<\/div>\n\t\t\t\t\t<\/div>\n\t\t<\/div>\n\t\t\t\t\t<\/div>\n\t\t<\/section>\n\t\t\t\t<section class=\"elementor-section elementor-top-section elementor-element elementor-element-54bb3ec elementor-section-boxed elementor-section-height-default elementor-section-height-default\" data-id=\"54bb3ec\" data-element_type=\"section\" data-e-type=\"section\">\n\t\t\t\t\t\t<div class=\"elementor-container elementor-column-gap-no\">\n\t\t\t\t\t<div class=\"elementor-column elementor-col-100 elementor-top-column elementor-element elementor-element-fabb7a5\" data-id=\"fabb7a5\" data-element_type=\"column\" data-e-type=\"column\">\n\t\t\t<div class=\"elementor-widget-wrap elementor-element-populated\">\n\t\t\t\t\t\t<div class=\"elementor-element elementor-element-ae0d9cd elementor-widget elementor-widget-yachbat_elementor_heading\" data-id=\"ae0d9cd\" data-element_type=\"widget\" data-e-type=\"widget\" data-widget_type=\"yachbat_elementor_heading.default\">\n\t\t\t\t<div class=\"elementor-widget-container\">\n\t\t\t\t\t\t\t\t<div class=\"ova-title\">\r\n\t\t\t\t<h3 class=\"sub-title\">SailEstonia<\/h3>\r\n\t\t\t\t\t\t\t\t\t<h2 class=\"title\">\r\n\t\t\t\t\t\tHyvi\u00e4 tapoja viihtyis\u00e4\u00e4n purjehtimiseen\t\t\t\t\t<\/h2>\r\n\t\t\t    \t\t\t<\/div> \r\n\t\t\t\t\t\t<\/div>\n\t\t\t\t<\/div>\n\t\t\t\t<div class=\"elementor-element elementor-element-3fec203 elementor-widget elementor-widget-text-editor\" data-id=\"3fec203\" data-element_type=\"widget\" data-e-type=\"widget\" data-widget_type=\"text-editor.default\">\n\t\t\t\t<div class=\"elementor-widget-container\">\n\t\t\t\t\t\t\t\t\t<p>Kuten jokaisella aluksella, my\u00f6s La Boheme:lla on kaikkein t\u00e4rkein ja kunnioitettavin henkil\u00f6 kapteeni, jonka k\u00e4skyj\u00e4 ja m\u00e4\u00e4r\u00e4yksi\u00e4 on noudatettava ja h\u00e4nen p\u00e4\u00e4t\u00f6ksi\u00e4 kunnioitettava sek\u00e4 toteutettava.<\/p>\n<p>Pelastusliivi\u00e4 suositellaan kaikille k\u00e4ytett\u00e4v\u00e4ksi ja taaperoiden on liivej\u00e4 ehdottomasti k\u00e4ytett\u00e4v\u00e4. Jokaisen, joka haluaa k\u00e4ytt\u00e4\u00e4 pelastusliivin, on sit\u00e4 rohkeasti miehist\u00f6lt\u00e4 pyydett\u00e4v\u00e4 ja miehist\u00f6 antaa tarvittavat turvavarusteet.<\/p>\n<p>La Boheme -katamaraani on iso ja tilava ja siell\u00e4 olisi jopa mahdollista tanssia laivan kannella, mutta silloin on huolehdittava my\u00f6s omasta turvallisuudestaan \u2013 laivassa kulkiessa on aina pidett\u00e4v\u00e4 yhdell\u00e4 k\u00e4dell\u00e4 jostakin kiinni!<\/p>\n<p>Katamaraanille tultaessa pyyd\u00e4mme laittamaan jalkaan mukavat ja vaaleapohjaiset jalkineet, joista ei j\u00e4\u00e4 j\u00e4lki\u00e4 laivan kannelle tai muihin osiin.<\/p>\n<p>Omien ruokien \u2013 juomien nauttiminen on laivassa sallittua siit\u00e4 etuk\u00e4teen sovittaessa. Punaviinin nauttiminen laivan kannella tai laivassa ei ole sallittua.<\/p>\n<p>Valmistaudu retkeen kunnolla: tarkista s\u00e4\u00e4, ota tarvittaessa mukaan aurinkovoide, tarpeelliset l\u00e4mpim\u00e4t vaatteet, uintivaatteet, rantapyyhkeet ynn\u00e4 muut v\u00e4lineet. Merell\u00e4 ollessa suosittelemme, ett\u00e4 matkustajat k\u00e4ytt\u00e4v\u00e4t p\u00e4\u00e4hinett\u00e4 tai hattua.<\/p>\n<p>Jos haluat enemm\u00e4n tutustua purjehtimiseen, kerro siit\u00e4 miehist\u00f6lle ja ha opettavat Sinulle purjehtimisen perusasioita ja voit mahdollisuuksien mukaan osallistua my\u00f6s miehist\u00f6n teht\u00e4viin.<\/p>\n<p>Jos s\u00e4\u00e4olosuhteet ovat niin huonot, ett\u00e4 ne voivat aiheuttaa vaaraa matkustajille, kapteenilla on oikeus perua tai siirt\u00e4\u00e4 retki.<\/p>\n<p>Voit olla my\u00f6s katamaraanin sis\u00e4tiloissa. K\u00e4yt\u00f6ss\u00e4nne on WC, televisio, keitti\u00f6nurkkaus, jossa on liesi, uuni ja j\u00e4\u00e4kaappi.<\/p>\n\t\t\t\t\t\t\t\t<\/div>\n\t\t\t\t<\/div>\n\t\t\t\t\t<\/div>\n\t\t<\/div>\n\t\t\t\t\t<\/div>\n\t\t<\/section>\n\t\t\t\t<\/div>\n\t\t","protected":false},"excerpt":{"rendered":"<p>Package Vali pakett Morning Check in Guests 3 Inimest Adults Childrens Search SailEstonia Hyvi\u00e4 tapoja viihtyis\u00e4\u00e4n purjehtimiseen Kuten jokaisella aluksella, my\u00f6s La Boheme:lla on kaikkein t\u00e4rkein ja kunnioitettavin henkil\u00f6 kapteeni, jonka k\u00e4skyj\u00e4 ja m\u00e4\u00e4r\u00e4yksi\u00e4 on noudatettava ja h\u00e4nen p\u00e4\u00e4t\u00f6ksi\u00e4 kunnioitettava sek\u00e4 toteutettava. Pelastusliivi\u00e4 suositellaan kaikille k\u00e4ytett\u00e4v\u00e4ksi ja taaperoiden on liivej\u00e4 ehdottomasti k\u00e4ytett\u00e4v\u00e4. Jokaisen, joka haluaa [&hellip;]<\/p>\n","protected":false},"author":1,"featured_media":0,"parent":0,"menu_order":0,"comment_status":"closed","ping_status":"closed","template":"elementor_header_footer","meta":{"footnotes":""},"class_list":["post-6633","page","type-page","status-publish","hentry"],"_links":{"self":[{"href":"https:\/\/sailestonia.ee\/fi\/wp-json\/wp\/v2\/pages\/6633","targetHints":{"allow":["GET"]}}],"collection":[{"href":"https:\/\/sailestonia.ee\/fi\/wp-json\/wp\/v2\/pages"}],"about":[{"href":"https:\/\/sailestonia.ee\/fi\/wp-json\/wp\/v2\/types\/page"}],"author":[{"embeddable":true,"href":"https:\/\/sailestonia.ee\/fi\/wp-json\/wp\/v2\/users\/1"}],"replies":[{"embeddable":true,"href":"https:\/\/sailestonia.ee\/fi\/wp-json\/wp\/v2\/comments?post=6633"}],"version-history":[{"count":4,"href":"https:\/\/sailestonia.ee\/fi\/wp-json\/wp\/v2\/pages\/6633\/revisions"}],"predecessor-version":[{"id":6637,"href":"https:\/\/sailestonia.ee\/fi\/wp-json\/wp\/v2\/pages\/6633\/revisions\/6637"}],"wp:attachment":[{"href":"https:\/\/sailestonia.ee\/fi\/wp-json\/wp\/v2\/media?parent=6633"}],"curies":[{"name":"wp","href":"https:\/\/api.w.org\/{rel}","templated":true}]}}