{"id":6628,"date":"2022-04-13T05:02:50","date_gmt":"2022-04-13T02:02:50","guid":{"rendered":"https:\/\/sailestonia.ee\/meista\/"},"modified":"2023-04-27T12:32:24","modified_gmt":"2023-04-27T09:32:24","slug":"meista","status":"publish","type":"page","link":"https:\/\/sailestonia.ee\/fi\/meista\/","title":{"rendered":"Meist\u00e4"},"content":{"rendered":"\t\t<div data-elementor-type=\"wp-page\" data-elementor-id=\"6628\" class=\"elementor elementor-6628 elementor-533\" data-elementor-post-type=\"page\">\n\t\t\t\t\t\t<section class=\"elementor-section elementor-top-section elementor-element elementor-element-5073021 elementor-hidden-desktop elementor-hidden-tablet elementor-hidden-mobile elementor-section-boxed elementor-section-height-default elementor-section-height-default\" data-id=\"5073021\" data-element_type=\"section\" data-e-type=\"section\">\n\t\t\t\t\t\t<div class=\"elementor-container elementor-column-gap-no\">\n\t\t\t\t\t<div class=\"elementor-column elementor-col-100 elementor-top-column elementor-element elementor-element-11a8c22\" data-id=\"11a8c22\" data-element_type=\"column\" data-e-type=\"column\">\n\t\t\t<div class=\"elementor-widget-wrap elementor-element-populated\">\n\t\t\t\t\t\t<div class=\"elementor-element elementor-element-b597dcc elementor-widget elementor-widget-ovabrw_search\" data-id=\"b597dcc\" data-element_type=\"widget\" data-e-type=\"widget\" data-widget_type=\"ovabrw_search.default\">\n\t\t\t\t<div class=\"elementor-widget-container\">\n\t\t\t\t\t\n<div class=\"ovabrw-search\">\n\t<form action=\"https:\/\/sailestonia.ee\/fi\/\" method=\"GET\" class=\"ovabrw-search-form\">\n\t\t<div class=\"ovabrw-s-field\">\n\n\t\t\t                <div class=\"search-field\">\n                \t<i aria-hidden=\"true\" class=\"icomoon icomoon-layer\"><\/i>\n                \t<div class=\"ovabrw-input\">\n\t                    <span class=\"label\">Package<\/span>\n\t                \t<select name=\"ovabrw_package\" id=\"ovabrw_package\">\n\t                \t\t<option value selected=\"selected\">\n\t                \t\t\tVali pakett\t                \t\t<\/option>\n\n\t                \t\t\t\t                \t\t<option value=\"10800\">\n\t\t                \t\t\tMorning\t\t                \t\t<\/option>\n\t                \t                    \t    <\/select>\n                    <\/div>\n                <\/div>\n\t        \n            <!-- time check in -->\n\t\t\t<div class=\"search-field\">\n\t\t\t\t<i aria-hidden=\"true\" class=\"icomoon icomoon-calendar-alt\"><\/i>\n\t\t\t\t<div class=\"ovabrw-input\">\n\t\t\t\t\t<span class=\"label\">Check in<\/span>\n\t\t\t\t\t<input\n\t\t\t\t\t\ttype=\"text\"\n\t\t\t\t\t\tname=\"ovabrw_pickup_date\" \n\t\t\t\t\t\tclass=\"ovabrw_datetimepicker ovabrw_start_date\" \n\t\t\t\t\t\tplaceholder=\"dd-mm-yyyy\" \n\t\t\t\t\t\tautocomplete=\"off\" \n\t\t\t\t\t\tdata-hour_default=\"07:00\" \n\t\t\t\t\t\tdata-time_step=\"30\" \n\t\t\t\t\t\tdata-dateformat=\"d-m-Y\" \n\t\t\t\t\t\tonkeydown=\"return false\" \n\t\t\t\t\t\tonfocus=\"blur();\" \n\t\t\t\t\t\tdata-firstday='1' \n\t\t\t\t\t\ttimepicker=\"true\" \/>\n\t\t\t\t<\/div>\n\t\t\t<\/div>\n            \n            <!-- time check out -->\n            \t\t\n            <!-- guest -->\n\t\t\t<div class=\"search-field guestspicker-control\">\n\n\t\t\t\t<i aria-hidden=\"true\" class=\"icomoon icomoon-user-friends\"><\/i>\n\n\t\t\t\t<div class=\"ovabrw-input ovabrw-guestspicker-content-wrapper\">\n\t\t\t\t\t<div class=\"ovabrw-label\">\n\t\t\t\t\t\t<span class=\"label\">Guests<\/span>\n\t\t\t\t\t<\/div>\n\t\t\t\t\t<div class=\"ovabrw-guestspicker\">\n\t\t\t\t\t\t<div class=\"guestspicker\">\n\t\t\t\t\t\t\t<span class=\"gueststotal\">3<\/span>\n\t\t\t\t\t\t\t<span class=\"guestslabel\">Inimest<\/span>\n\t\t\t\t\t\t<\/div>\n\t\t\t\t\t<\/div>\n\t\t\t\t\t<div class=\"ovabrw-guestspicker-content\">\n\t\t\t\t\t\t<div class=\"guests-buttons\">\n\t\t\t\t\t\t\t<div class=\"description\">\n\t\t\t\t\t\t\t\t<label>Adults<\/label>\n\t\t\t\t\t\t\t<\/div>\n\t\t\t\t\t\t\t<div class=\"guests-button\">\n\t\t\t\t\t\t\t\t<div class=\"guests-icon minus\">\n\t\t\t\t\t\t\t\t\t<i class=\"fas fa-minus\"><\/i>\n\t\t\t\t\t\t\t\t<\/div>\n\t\t\t\t\t\t\t\t<input \n\t\t\t\t\t\t\t\t\ttype=\"text\" \n\t\t\t\t\t\t\t\t\tid=\"ovabrw_adults\" \n\t\t\t\t\t\t\t\t\tname=\"ovabrw_adults\" \n\t\t\t\t\t\t\t\t\tclass=\"ovabrw_adults\" \n\t\t\t\t\t\t\t\t\tvalue=\"1\" \n\t\t\t\t\t\t\t\t\tmin=\"1\" \n\t\t\t\t\t\t\t\t\tmax=\"30\" \/>\n\t\t\t\t\t\t\t\t<div class=\"guests-icon plus\">\n\t\t\t\t\t\t\t\t\t<i class=\"fas fa-plus\"><\/i>\n\t\t\t\t\t\t\t\t<\/div>\n\t\t\t\t\t\t\t<\/div>\n\t\t\t\t\t\t<\/div>\n\n\t\t\t\t\t\t<div class=\"guests-buttons\">\n\t\t\t\t\t\t\t<div class=\"description\">\n\t\t\t\t\t\t\t\t<label>Childrens<\/label>\n\t\t\t\t\t\t\t<\/div>\n\t\t\t\t\t\t\t<div class=\"guests-button\">\n\t\t\t\t\t\t\t\t<div class=\"guests-icon minus\">\n\t\t\t\t\t\t\t\t\t<i class=\"fas fa-minus\"><\/i>\n\t\t\t\t\t\t\t\t<\/div>\n\t\t\t\t\t\t\t\t<input \n\t\t\t\t\t\t\t\t\ttype=\"text\" \n\t\t\t\t\t\t\t\t\tid=\"ovabrw_childrens\" \n\t\t\t\t\t\t\t\t\tname=\"ovabrw_childrens\" \n\t\t\t\t\t\t\t\t\tclass=\"ovabrw_childrens\" \n\t\t\t\t\t\t\t\t\tvalue=\"2\" \n\t\t\t\t\t\t\t\t\tmin=\"0\" \n\t\t\t\t\t\t\t\t\tmax=\"10\" \/>\n\t\t\t\t\t\t\t\t<div class=\"guests-icon plus\">\n\t\t\t\t\t\t\t\t\t<i class=\"fas fa-plus\"><\/i>\n\t\t\t\t\t\t\t\t<\/div>\n\t\t\t\t\t\t\t<\/div>\n\t\t\t\t\t\t<\/div>\n\t\t\t\t\t<\/div>\n\t\t\t\t<\/div>\n\t\t\t\t\n\t\t\t<\/div>\n\t\t<\/div>\n\t\t<!-- button -->\n\t\t<div class=\"ovabrw-search-btn\">\n\t\t\t\t\t\t\t<input type=\"hidden\" name=\"ovabrw_search_product\" value=\"ovabrw_search_product\" \/>\n                <input type=\"hidden\" name=\"ovabrw_search\" value=\"search_item\" \/>\n                <input type=\"hidden\" name=\"post_type\" value=\"product\" \/>\n\t\t\t\t\t\t<button class=\"ovabrw-btn\" type=\"submit\">\n\t\t\t\t<i class=\"icomoon icomoon-search\"><\/i>\n\t\t\t\tSearch\t\n\t\t\t<\/button>\t\t\n\t\t<\/div>\n\t<\/form>\n\t\n<\/div>\t\t\t\t<\/div>\n\t\t\t\t<\/div>\n\t\t\t\t\t<\/div>\n\t\t<\/div>\n\t\t\t\t\t<\/div>\n\t\t<\/section>\n\t\t\t\t<section class=\"elementor-section elementor-top-section elementor-element elementor-element-54bb3ec elementor-section-boxed elementor-section-height-default elementor-section-height-default\" data-id=\"54bb3ec\" data-element_type=\"section\" data-e-type=\"section\">\n\t\t\t\t\t\t<div class=\"elementor-container elementor-column-gap-no\">\n\t\t\t\t\t<div class=\"elementor-column elementor-col-50 elementor-top-column elementor-element elementor-element-fabb7a5\" data-id=\"fabb7a5\" data-element_type=\"column\" data-e-type=\"column\">\n\t\t\t<div class=\"elementor-widget-wrap elementor-element-populated\">\n\t\t\t\t\t\t<div class=\"elementor-element elementor-element-ae0d9cd elementor-widget elementor-widget-yachbat_elementor_heading\" data-id=\"ae0d9cd\" data-element_type=\"widget\" data-e-type=\"widget\" data-widget_type=\"yachbat_elementor_heading.default\">\n\t\t\t\t<div class=\"elementor-widget-container\">\n\t\t\t\t\t\t\t\t<div class=\"ova-title\">\r\n\t\t\t\t<h3 class=\"sub-title\">SailEstonia<\/h3>\r\n\t\t\t\t\t\t\t\t\t<h2 class=\"title\">\r\n\t\t\t\t\t\tSailEstonian arvot ja periaatteet\t\t\t\t\t<\/h2>\r\n\t\t\t    \t\t\t<\/div> \r\n\t\t\t\t\t\t<\/div>\n\t\t\t\t<\/div>\n\t\t\t\t<div class=\"elementor-element elementor-element-3fec203 elementor-widget elementor-widget-text-editor\" data-id=\"3fec203\" data-element_type=\"widget\" data-e-type=\"widget\" data-widget_type=\"text-editor.default\">\n\t\t\t\t<div class=\"elementor-widget-container\">\n\t\t\t\t\t\t\t\t\t<ul>\n<li>V\u00e4henn\u00e4mme j\u00e4tteidemme m\u00e4\u00e4r\u00e4\u00e4 ja lajittelemme roskat.<\/li>\n<li>Emme k\u00e4yt\u00e4 palvelun tarjoamisen yhteydess\u00e4 kertak\u00e4ytt\u00f6isi\u00e4 muoviastioita ja -tarvikkeita.<\/li>\n<li>K\u00e4yt\u00e4mme energiatehokkaita valaisimia \u2013 katamaraanin valaistuksessa k\u00e4ytet\u00e4\u00e4n vain LED-lamppuja ja lis\u00e4ksi k\u00e4ytet\u00e4\u00e4n aurinkopaneeleja.<\/li>\n<li>Esittelemme asiakkaille meriperinteit\u00e4 ja arvoja \u2013 olemme j\u00e4rjest\u00e4neet retki\u00e4 ja teemme niit\u00e4 jatkossakin yhteisty\u00f6ss\u00e4 P\u00e4rnun pursiseuran kanssa kertoakseen vierailijoille merest\u00e4, meriperinteist\u00e4. Olemme P\u00e4rnun merenkulkukeskuksen kumppaneita koulutusten j\u00e4rjest\u00e4misess\u00e4 ja harjoittelun toteuttamisessa.<\/li>\n<li>V\u00e4henn\u00e4mme ruokah\u00e4vikki\u00e4.<\/li>\n<li>Suosimme kumppaniksemme yritt\u00e4ji\u00e4, jotka tarjoavat kotimaisia ja kauden raaka-aineita.<\/li>\n<li>Juomavesiautomaattien ja pullotetun veden sijaan k\u00e4yt\u00e4mme hanavett\u00e4 \u2013 katamaraanilla vesis\u00e4ili\u00f6t t\u00e4ytet\u00e4\u00e4n hanavedell\u00e4, sen vuoksi emme k\u00e4yt\u00e4 retkill\u00e4 pullotettua vett\u00e4. Pyrimme sit\u00e4 tarjoamaan my\u00f6s kaikille asiakkaille.<\/li>\n<li>Kehit\u00e4mme kumppanuuksia ja ostamme palveluita yrityksilt\u00e4, jotka noudattavat kest\u00e4v\u00e4n kehityksen periaatteita.<\/li>\n<\/ul>\n\t\t\t\t\t\t\t\t<\/div>\n\t\t\t\t<\/div>\n\t\t\t\t<section class=\"elementor-section elementor-inner-section elementor-element elementor-element-8fea7d6 elementor-section-full_width elementor-section-height-default elementor-section-height-default\" data-id=\"8fea7d6\" data-element_type=\"section\" data-e-type=\"section\">\n\t\t\t\t\t\t<div class=\"elementor-container elementor-column-gap-no\">\n\t\t\t\t\t<div class=\"elementor-column elementor-col-50 elementor-inner-column elementor-element elementor-element-2ecd3a1\" data-id=\"2ecd3a1\" data-element_type=\"column\" data-e-type=\"column\">\n\t\t\t<div class=\"elementor-widget-wrap elementor-element-populated\">\n\t\t\t\t\t\t<div class=\"elementor-element elementor-element-10330be elementor-position-block-start elementor-view-default elementor-mobile-position-block-start elementor-widget elementor-widget-icon-box\" data-id=\"10330be\" data-element_type=\"widget\" data-e-type=\"widget\" data-widget_type=\"icon-box.default\">\n\t\t\t\t<div class=\"elementor-widget-container\">\n\t\t\t\t\t\t\t<div class=\"elementor-icon-box-wrapper\">\n\n\t\t\t\t\t\t<div class=\"elementor-icon-box-icon\">\n\t\t\t\t<span  class=\"elementor-icon\">\n\t\t\t\t<i aria-hidden=\"true\" class=\"icomoon icomoon-badge\"><\/i>\t\t\t\t<\/span>\n\t\t\t<\/div>\n\t\t\t\n\t\t\t\t\t\t<div class=\"elementor-icon-box-content\">\n\n\t\t\t\t\t\t\t\t\t<h3 class=\"elementor-icon-box-title\">\n\t\t\t\t\t\t<span  >\n\t\t\t\t\t\t\tKest\u00e4v\u00e4 ja t\u00e4ysin vakuutettu\t\t\t\t\t\t<\/span>\n\t\t\t\t\t<\/h3>\n\t\t\t\t\n\t\t\t\t\n\t\t\t<\/div>\n\t\t\t\n\t\t<\/div>\n\t\t\t\t\t\t<\/div>\n\t\t\t\t<\/div>\n\t\t\t\t\t<\/div>\n\t\t<\/div>\n\t\t\t\t<div class=\"elementor-column elementor-col-50 elementor-inner-column elementor-element elementor-element-c9c05ad\" data-id=\"c9c05ad\" data-element_type=\"column\" data-e-type=\"column\">\n\t\t\t<div class=\"elementor-widget-wrap elementor-element-populated\">\n\t\t\t\t\t\t<div class=\"elementor-element elementor-element-e035526 elementor-position-block-start elementor-view-default elementor-mobile-position-block-start elementor-widget elementor-widget-icon-box\" data-id=\"e035526\" data-element_type=\"widget\" data-e-type=\"widget\" data-widget_type=\"icon-box.default\">\n\t\t\t\t<div class=\"elementor-widget-container\">\n\t\t\t\t\t\t\t<div class=\"elementor-icon-box-wrapper\">\n\n\t\t\t\t\t\t<div class=\"elementor-icon-box-icon\">\n\t\t\t\t<span  class=\"elementor-icon\">\n\t\t\t\t<i aria-hidden=\"true\" class=\"icomoon icomoon-trusted\"><\/i>\t\t\t\t<\/span>\n\t\t\t<\/div>\n\t\t\t\n\t\t\t\t\t\t<div class=\"elementor-icon-box-content\">\n\n\t\t\t\t\t\t\t\t\t<h3 class=\"elementor-icon-box-title\">\n\t\t\t\t\t\t<span  >\n\t\t\t\t\t\t\tArvostetut ja kokeneet kapteenit\t\t\t\t\t\t<\/span>\n\t\t\t\t\t<\/h3>\n\t\t\t\t\n\t\t\t\t\n\t\t\t<\/div>\n\t\t\t\n\t\t<\/div>\n\t\t\t\t\t\t<\/div>\n\t\t\t\t<\/div>\n\t\t\t\t\t<\/div>\n\t\t<\/div>\n\t\t\t\t\t<\/div>\n\t\t<\/section>\n\t\t\t\t\t<\/div>\n\t\t<\/div>\n\t\t\t\t<div class=\"elementor-column elementor-col-50 elementor-top-column elementor-element elementor-element-706a4b5\" data-id=\"706a4b5\" data-element_type=\"column\" data-e-type=\"column\">\n\t\t\t<div class=\"elementor-widget-wrap elementor-element-populated\">\n\t\t\t\t\t\t<div class=\"elementor-element elementor-element-9a4dfb0 elementor-widget elementor-widget-image\" data-id=\"9a4dfb0\" data-element_type=\"widget\" data-e-type=\"widget\" data-widget_type=\"image.default\">\n\t\t\t\t<div class=\"elementor-widget-container\">\n\t\t\t\t\t\t\t\t\t\t\t\t\t\t\t<img fetchpriority=\"high\" decoding=\"async\" width=\"768\" height=\"1024\" src=\"https:\/\/sailestonia.ee\/wp-content\/uploads\/2022\/09\/50608972368_d82a7c0e74_o-768x1024.jpg\" class=\"attachment-large size-large wp-image-5797\" alt=\"\" srcset=\"https:\/\/sailestonia.ee\/wp-content\/uploads\/2022\/09\/50608972368_d82a7c0e74_o-768x1024.jpg 768w, https:\/\/sailestonia.ee\/wp-content\/uploads\/2022\/09\/50608972368_d82a7c0e74_o-225x300.jpg 225w, https:\/\/sailestonia.ee\/wp-content\/uploads\/2022\/09\/50608972368_d82a7c0e74_o-1152x1536.jpg 1152w, https:\/\/sailestonia.ee\/wp-content\/uploads\/2022\/09\/50608972368_d82a7c0e74_o-1536x2048.jpg 1536w, https:\/\/sailestonia.ee\/wp-content\/uploads\/2022\/09\/50608972368_d82a7c0e74_o-600x800.jpg 600w, https:\/\/sailestonia.ee\/wp-content\/uploads\/2022\/09\/50608972368_d82a7c0e74_o-scaled.jpg 1920w\" sizes=\"(max-width: 768px) 100vw, 768px\" \/>\t\t\t\t\t\t\t\t\t\t\t\t\t\t\t<\/div>\n\t\t\t\t<\/div>\n\t\t\t\t\t<\/div>\n\t\t<\/div>\n\t\t\t\t\t<\/div>\n\t\t<\/section>\n\t\t\t\t<section class=\"elementor-section elementor-top-section elementor-element elementor-element-c9c0ef3 elementor-section-boxed elementor-section-height-default elementor-section-height-default\" data-id=\"c9c0ef3\" data-element_type=\"section\" data-e-type=\"section\">\n\t\t\t\t\t\t<div class=\"elementor-container elementor-column-gap-default\">\n\t\t\t\t\t<div class=\"elementor-column elementor-col-100 elementor-top-column elementor-element elementor-element-5e4d731\" data-id=\"5e4d731\" data-element_type=\"column\" data-e-type=\"column\">\n\t\t\t<div class=\"elementor-widget-wrap elementor-element-populated\">\n\t\t\t\t\t\t<div class=\"elementor-element elementor-element-3a66086 elementor-widget elementor-widget-yachbat_elementor_heading\" data-id=\"3a66086\" data-element_type=\"widget\" data-e-type=\"widget\" data-widget_type=\"yachbat_elementor_heading.default\">\n\t\t\t\t<div class=\"elementor-widget-container\">\n\t\t\t\t\t\t\t\t<div class=\"ova-title\">\r\n\t\t\t\t<h3 class=\"sub-title\">SailEstonia<\/h3>\r\n\t\t\t\t\t\t\t\t\t<h2 class=\"title\">\r\n\t\t\t\t\t\tMeid\u00e4n kapteenit\t\t\t\t\t<\/h2>\r\n\t\t\t    \t\t\t<\/div> \r\n\t\t\t\t\t\t<\/div>\n\t\t\t\t<\/div>\n\t\t\t\t<div class=\"elementor-element elementor-element-e3ebe2e elementor-widget elementor-widget-ova_team\" data-id=\"e3ebe2e\" data-element_type=\"widget\" data-e-type=\"widget\" data-widget_type=\"ova_team.default\">\n\t\t\t\t<div class=\"elementor-widget-container\">\n\t\t\t\t\t\t\t\n<div class=\"ova-team \">\n\n\t<div class=\"content three_column\">\n\n\t\t\t\t\t\n<div class=\"item-team\">\n\n\t<div class=\"img\">\n\t\t\n\t\t<!-- Avata -->\n\t\t\t    <a href=\"https:\/\/sailestonia.ee\/fi\/team\/kapteeni-rain\/\">\n\t    \t\n\t    \t<img decoding=\"async\" src=\"\" class=\"img-responsive team-img\" alt=\"Kapteeni Rain\">\n\t\t\t<div class=\"mask\"><\/div>\n\t    \t\t<\/a>\n\t\t\t\n\t\t\n\t\t<!-- List Icon -->\n\t\t\n\t\t<!-- Short Description -->\n\t\t\n\t<\/div>\n\n\t<!-- Info -->\n\t<div class=\"info\">\n\n\t\t\t    <a href=\"https:\/\/sailestonia.ee\/fi\/team\/kapteeni-rain\/\" >\n\t    \t\n\n\t\t\t\t\t\t\t<h3 class=\"name\">\n\t\t\t\t\tKapteeni Rain\t\t\t\t<\/h3>\n\t\t\t\t\t\n\t\t\t\t<\/a>\n\t\t\t\n\t\t\n\t\t\n\t<\/div>\n\t\n<\/div>\t\t\t\t\t\n<div class=\"item-team\">\n\n\t<div class=\"img\">\n\t\t\n\t\t<!-- Avata -->\n\t\t\t    <a href=\"https:\/\/sailestonia.ee\/fi\/team\/kapteeni-marko\/\">\n\t    \t\n\t    \t<img decoding=\"async\" src=\"\" class=\"img-responsive team-img\" alt=\"Kapteeni Marko\">\n\t\t\t<div class=\"mask\"><\/div>\n\t    \t\t<\/a>\n\t\t\t\n\t\t\n\t\t<!-- List Icon -->\n\t\t\n\t\t<!-- Short Description -->\n\t\t\n\t<\/div>\n\n\t<!-- Info -->\n\t<div class=\"info\">\n\n\t\t\t    <a href=\"https:\/\/sailestonia.ee\/fi\/team\/kapteeni-marko\/\" >\n\t    \t\n\n\t\t\t\t\t\t\t<h3 class=\"name\">\n\t\t\t\t\tKapteeni Marko\t\t\t\t<\/h3>\n\t\t\t\t\t\n\t\t\t\t<\/a>\n\t\t\t\n\t\t\n\t\t\n\t<\/div>\n\t\n<\/div>\t\t\t\t\t\n<div class=\"item-team\">\n\n\t<div class=\"img\">\n\t\t\n\t\t<!-- Avata -->\n\t\t\t    <a href=\"https:\/\/sailestonia.ee\/fi\/team\/kapteeni-riho\/\">\n\t    \t\n\t    \t<img decoding=\"async\" src=\"\" class=\"img-responsive team-img\" alt=\"Kapteeni Riho\">\n\t\t\t<div class=\"mask\"><\/div>\n\t    \t\t<\/a>\n\t\t\t\n\t\t\n\t\t<!-- List Icon -->\n\t\t\n\t\t<!-- Short Description -->\n\t\t\n\t<\/div>\n\n\t<!-- Info -->\n\t<div class=\"info\">\n\n\t\t\t    <a href=\"https:\/\/sailestonia.ee\/fi\/team\/kapteeni-riho\/\" >\n\t    \t\n\n\t\t\t\t\t\t\t<h3 class=\"name\">\n\t\t\t\t\tKapteeni Riho\t\t\t\t<\/h3>\n\t\t\t\t\t\n\t\t\t\t<\/a>\n\t\t\t\n\t\t\n\t\t\n\t<\/div>\n\t\n<\/div>\t\t\t<\/div>\n\t\n\t\n<\/div>\t\t\t\t<\/div>\n\t\t\t\t<\/div>\n\t\t\t\t\t<\/div>\n\t\t<\/div>\n\t\t\t\t\t<\/div>\n\t\t<\/section>\n\t\t\t\t<\/div>\n\t\t","protected":false},"excerpt":{"rendered":"<p>Package Vali pakett Morning Check in Guests 3 Inimest Adults Childrens Search SailEstonia SailEstonian arvot ja periaatteet V\u00e4henn\u00e4mme j\u00e4tteidemme m\u00e4\u00e4r\u00e4\u00e4 ja lajittelemme roskat. Emme k\u00e4yt\u00e4 palvelun tarjoamisen yhteydess\u00e4 kertak\u00e4ytt\u00f6isi\u00e4 muoviastioita ja -tarvikkeita. K\u00e4yt\u00e4mme energiatehokkaita valaisimia \u2013 katamaraanin valaistuksessa k\u00e4ytet\u00e4\u00e4n vain LED-lamppuja ja lis\u00e4ksi k\u00e4ytet\u00e4\u00e4n aurinkopaneeleja. Esittelemme asiakkaille meriperinteit\u00e4 ja arvoja \u2013 olemme j\u00e4rjest\u00e4neet retki\u00e4 ja [&hellip;]<\/p>\n","protected":false},"author":1,"featured_media":0,"parent":0,"menu_order":0,"comment_status":"closed","ping_status":"closed","template":"elementor_header_footer","meta":{"footnotes":""},"class_list":["post-6628","page","type-page","status-publish","hentry"],"_links":{"self":[{"href":"https:\/\/sailestonia.ee\/fi\/wp-json\/wp\/v2\/pages\/6628","targetHints":{"allow":["GET"]}}],"collection":[{"href":"https:\/\/sailestonia.ee\/fi\/wp-json\/wp\/v2\/pages"}],"about":[{"href":"https:\/\/sailestonia.ee\/fi\/wp-json\/wp\/v2\/types\/page"}],"author":[{"embeddable":true,"href":"https:\/\/sailestonia.ee\/fi\/wp-json\/wp\/v2\/users\/1"}],"replies":[{"embeddable":true,"href":"https:\/\/sailestonia.ee\/fi\/wp-json\/wp\/v2\/comments?post=6628"}],"version-history":[{"count":4,"href":"https:\/\/sailestonia.ee\/fi\/wp-json\/wp\/v2\/pages\/6628\/revisions"}],"predecessor-version":[{"id":6632,"href":"https:\/\/sailestonia.ee\/fi\/wp-json\/wp\/v2\/pages\/6628\/revisions\/6632"}],"wp:attachment":[{"href":"https:\/\/sailestonia.ee\/fi\/wp-json\/wp\/v2\/media?parent=6628"}],"curies":[{"name":"wp","href":"https:\/\/api.w.org\/{rel}","templated":true}]}}