{"id":6618,"date":"2022-11-10T15:45:56","date_gmt":"2022-11-10T13:45:56","guid":{"rendered":"https:\/\/sailestonia.ee\/kannattajat\/"},"modified":"2023-06-08T11:05:15","modified_gmt":"2023-06-08T08:05:15","slug":"kannattajat","status":"publish","type":"page","link":"https:\/\/sailestonia.ee\/fi\/kannattajat\/","title":{"rendered":"Kannattajat"},"content":{"rendered":"\t\t<div data-elementor-type=\"wp-page\" data-elementor-id=\"6618\" class=\"elementor elementor-6618 elementor-6046\" data-elementor-post-type=\"page\">\n\t\t\t\t\t\t<section class=\"elementor-section elementor-top-section elementor-element elementor-element-dbcbab8 elementor-section-boxed elementor-section-height-default elementor-section-height-default\" data-id=\"dbcbab8\" data-element_type=\"section\" data-e-type=\"section\">\n\t\t\t\t\t\t<div class=\"elementor-container elementor-column-gap-default\">\n\t\t\t\t\t<div class=\"elementor-column elementor-col-100 elementor-top-column elementor-element elementor-element-3502177\" data-id=\"3502177\" data-element_type=\"column\" data-e-type=\"column\">\n\t\t\t<div class=\"elementor-widget-wrap elementor-element-populated\">\n\t\t\t\t\t\t<div class=\"elementor-element elementor-element-41ad6af elementor-widget elementor-widget-text-editor\" data-id=\"41ad6af\" data-element_type=\"widget\" data-e-type=\"widget\" data-widget_type=\"text-editor.default\">\n\t\t\t\t<div class=\"elementor-widget-container\">\n\t\t\t\t\t\t\t\t\t<p>\u201eAinutlaatuiset merimatkat It\u00e4merell\u00e4\u201c -hankkeen tavoite on Viron n\u00e4kyvyyden lis\u00e4\u00e4minen houkuttelevana matkailukohteena merimatkailun kehitt\u00e4misen kautta ja siten vierailijoiden y\u00f6pymisten m\u00e4\u00e4r\u00e4n lis\u00e4\u00e4minen ja oleskelun keston pident\u00e4minen.<\/p>\n<p>Hankkeen p\u00e4\u00e4tavoitteena on kehitt\u00e4\u00e4 uusia merimatkailutuotteita, el\u00e4v\u00f6itt\u00e4\u00e4 alueen yritystoimintaa, kehitt\u00e4\u00e4 matkailutoimijoiden sek\u00e4 marimatkailupalvelujen tarjoajien v\u00e4list\u00e4 yhteisty\u00f6t\u00e4.<\/p>\n<p>V\u00e4litt\u00f6m\u00e4t tarkoitukset ovat:<\/p>\n<ol>\n<li>Viron n\u00e4kyvyyden lis\u00e4\u00e4minen merimatkailualueena,<\/li>\n<li>P\u00e4rnun k\u00e4vij\u00e4m\u00e4\u00e4rien lis\u00e4\u00e4minen ja P\u00e4rnun n\u00e4kyvyyden lis\u00e4\u00e4minen merimatkailu- ja aktiivisen loman kohteena,<\/li>\n<li>merimatkailuun liittyvien matkailutuotteiden m\u00e4\u00e4r\u00e4n lis\u00e4\u00e4minen ja siten vierailijoiden oleskelun keston pident\u00e4minen,<\/li>\n<li>tiiviimm\u00e4n yhteisty\u00f6n tekeminen P\u00e4rnun merimatkailupalvelujen tarjoajien, kuntien ja yritysten v\u00e4lill\u00e4 \u2013 yhteisten pakettien kehitt\u00e4misen kautta.<\/li>\n<\/ol>\n<p>Hanketta tukee: Euroopan aluekehitysrahasto.<\/p>\n<p>Rahoitus on osa Euroopan unionin toimia COVID-19-pandemiaa vastan.<\/p>\n<p>Tuen m\u00e4\u00e4r\u00e4: 196 735 euroa<\/p>\n<p><img decoding=\"async\" class=\"alignnone size-full wp-image-6795\" src=\"https:\/\/sailestonia.ee\/wp-content\/uploads\/2023\/05\/EAS_SF_RGB_ENG.svg\" alt=\"\" width=\"322\" height=\"93\"><\/p>\t\t\t\t\t\t\t\t<\/div>\n\t\t\t\t<\/div>\n\t\t\t\t\t<\/div>\n\t\t<\/div>\n\t\t\t\t\t<\/div>\n\t\t<\/section>\n\t\t\t\t<\/div>\n\t\t","protected":false},"excerpt":{"rendered":"<p>\u201eAinutlaatuiset merimatkat It\u00e4merell\u00e4\u201c -hankkeen tavoite on Viron n\u00e4kyvyyden lis\u00e4\u00e4minen houkuttelevana matkailukohteena merimatkailun kehitt\u00e4misen kautta ja siten vierailijoiden y\u00f6pymisten m\u00e4\u00e4r\u00e4n lis\u00e4\u00e4minen ja oleskelun keston pident\u00e4minen. Hankkeen p\u00e4\u00e4tavoitteena on kehitt\u00e4\u00e4 uusia merimatkailutuotteita, el\u00e4v\u00f6itt\u00e4\u00e4 alueen yritystoimintaa, kehitt\u00e4\u00e4 matkailutoimijoiden sek\u00e4 marimatkailupalvelujen tarjoajien v\u00e4list\u00e4 yhteisty\u00f6t\u00e4. V\u00e4litt\u00f6m\u00e4t tarkoitukset ovat: Viron n\u00e4kyvyyden lis\u00e4\u00e4minen merimatkailualueena, P\u00e4rnun k\u00e4vij\u00e4m\u00e4\u00e4rien lis\u00e4\u00e4minen ja P\u00e4rnun n\u00e4kyvyyden lis\u00e4\u00e4minen merimatkailu- [&hellip;]<\/p>\n","protected":false},"author":1,"featured_media":0,"parent":0,"menu_order":0,"comment_status":"closed","ping_status":"closed","template":"elementor_header_footer","meta":{"footnotes":""},"class_list":["post-6618","page","type-page","status-publish","hentry"],"_links":{"self":[{"href":"https:\/\/sailestonia.ee\/fi\/wp-json\/wp\/v2\/pages\/6618","targetHints":{"allow":["GET"]}}],"collection":[{"href":"https:\/\/sailestonia.ee\/fi\/wp-json\/wp\/v2\/pages"}],"about":[{"href":"https:\/\/sailestonia.ee\/fi\/wp-json\/wp\/v2\/types\/page"}],"author":[{"embeddable":true,"href":"https:\/\/sailestonia.ee\/fi\/wp-json\/wp\/v2\/users\/1"}],"replies":[{"embeddable":true,"href":"https:\/\/sailestonia.ee\/fi\/wp-json\/wp\/v2\/comments?post=6618"}],"version-history":[{"count":7,"href":"https:\/\/sailestonia.ee\/fi\/wp-json\/wp\/v2\/pages\/6618\/revisions"}],"predecessor-version":[{"id":6905,"href":"https:\/\/sailestonia.ee\/fi\/wp-json\/wp\/v2\/pages\/6618\/revisions\/6905"}],"wp:attachment":[{"href":"https:\/\/sailestonia.ee\/fi\/wp-json\/wp\/v2\/media?parent=6618"}],"curies":[{"name":"wp","href":"https:\/\/api.w.org\/{rel}","templated":true}]}}