{"id":6348,"date":"2023-04-10T09:36:08","date_gmt":"2023-04-10T06:36:08","guid":{"rendered":"https:\/\/sailestonia.ee\/terms-of-use\/"},"modified":"2023-04-20T14:26:11","modified_gmt":"2023-04-20T11:26:11","slug":"terms-of-use","status":"publish","type":"page","link":"https:\/\/sailestonia.ee\/en\/terms-of-use\/","title":{"rendered":"Terms of use"},"content":{"rendered":"\n<p><strong>Website terms of use <\/strong><\/p>\n\n<p>Booking process <\/p>\n\n<p>SailEstonia\u2019s booking system is quick and easy, and you can complete it from start to finish on the website by choosing the vessel that suits you best, and once you\u2019ve decided to book it, you can pay for it on the website. <\/p>\n\n<p>Detailed description of the booking process <\/p>\n\n<p>1. Go to the booking page and enter your preferred dates and number of passengers.<br\/>2. Once you\u2019ve chosen a suitable vessel and would like to book, click on the \u2018Book Now\u2019 button. <br\/>3. You will then be redirected to the \u2018Shopping Cart\u2019.<br\/>4. It is possible to pay for the booking either by credit card (Visa, Mastercard) or through Estonian bank links (Swedbank, SEB, LHV, Coop, Luminor). The service is provided by Montonio Finance O\u00dc. All payments are made in euros. When booking, the controller of your personal data is Dira Group O\u00dc, which forwards the data necessary for the payment to the relevant processor Montonio Finance O\u00dc. <br\/>5. Once you\u2019ve paid, we\u2019ll email you a confirmation letter so you can make sure your booking is confirmed. If you do not receive a confirmation letter, please contact us: <a href=\"mailto:info@sailestonia.ee\">info@sailestonia.ee.<\/a><\/p>\n\n<p>Service cancellation <\/p>\n\n<p>1. If you want to cancel the service after booking and do so 3 or more days before the cruise date, we will refund the full amount paid. If you want to cancel the service after booking and do so less than 3 days before the cruise date, you will be refunded 50% of the price of the service and any other amounts paid will not be refunded. <\/p>\n","protected":false},"excerpt":{"rendered":"<p>Website terms of use Booking process SailEstonia\u2019s booking system is quick and easy, and you can complete it from start to finish on the website by choosing the vessel that suits you best, and once you\u2019ve decided to book it, you can pay for it on the website. Detailed description of the booking process 1. [&hellip;]<\/p>\n","protected":false},"author":1,"featured_media":0,"parent":0,"menu_order":0,"comment_status":"closed","ping_status":"closed","template":"","meta":{"footnotes":""},"class_list":["post-6348","page","type-page","status-publish","hentry"],"_links":{"self":[{"href":"https:\/\/sailestonia.ee\/en\/wp-json\/wp\/v2\/pages\/6348","targetHints":{"allow":["GET"]}}],"collection":[{"href":"https:\/\/sailestonia.ee\/en\/wp-json\/wp\/v2\/pages"}],"about":[{"href":"https:\/\/sailestonia.ee\/en\/wp-json\/wp\/v2\/types\/page"}],"author":[{"embeddable":true,"href":"https:\/\/sailestonia.ee\/en\/wp-json\/wp\/v2\/users\/1"}],"replies":[{"embeddable":true,"href":"https:\/\/sailestonia.ee\/en\/wp-json\/wp\/v2\/comments?post=6348"}],"version-history":[{"count":1,"href":"https:\/\/sailestonia.ee\/en\/wp-json\/wp\/v2\/pages\/6348\/revisions"}],"predecessor-version":[{"id":6349,"href":"https:\/\/sailestonia.ee\/en\/wp-json\/wp\/v2\/pages\/6348\/revisions\/6349"}],"wp:attachment":[{"href":"https:\/\/sailestonia.ee\/en\/wp-json\/wp\/v2\/media?parent=6348"}],"curies":[{"name":"wp","href":"https:\/\/api.w.org\/{rel}","templated":true}]}}